{"id":702,"date":"2025-09-10T14:06:33","date_gmt":"2025-09-10T12:06:33","guid":{"rendered":"https:\/\/hostallabarretina.com\/que-veure-a-figueres-i-rodalies\/"},"modified":"2025-09-10T16:44:37","modified_gmt":"2025-09-10T14:44:37","slug":"que-veure-a-figueres-i-rodalies","status":"publish","type":"page","link":"https:\/\/hostallabarretina.com\/ca\/que-veure-a-figueres-i-rodalies\/","title":{"rendered":"Qu\u00e8 veure a Figueres i rodalies"},"content":{"rendered":"\t\t<div data-elementor-type=\"wp-page\" data-elementor-id=\"702\" class=\"elementor elementor-702 elementor-654\">\n\t\t\t\t<div class=\"elementor-element elementor-element-c197288 e-flex e-con-boxed e-con e-parent\" data-id=\"c197288\" data-element_type=\"container\" data-e-type=\"container\" data-settings=\"{&quot;background_background&quot;:&quot;classic&quot;}\">\n\t\t\t\t\t<div class=\"e-con-inner\">\n\t\t\t\t<div class=\"elementor-element elementor-element-08b6eeb elementor-widget elementor-widget-heading\" data-id=\"08b6eeb\" data-element_type=\"widget\" data-e-type=\"widget\" data-widget_type=\"heading.default\">\n\t\t\t\t\t<h1 class=\"elementor-heading-title elementor-size-default\">Qu\u00e8 veure a <em style=\"font-weight: 800\">Figueres <\/em>i rodalies<\/h1>\t\t\t\t<\/div>\n\t\t\t\t<div class=\"elementor-element elementor-element-0fa8e2c elementor-widget elementor-widget-text-editor\" data-id=\"0fa8e2c\" data-element_type=\"widget\" data-e-type=\"widget\" data-widget_type=\"text-editor.default\">\n\t\t\t\t\t\t\t\t\t<p>Si est\u00e0s pensant en fer una <strong>escapada a l&#8217;Empord\u00e0<\/strong>, descobrir\u00e0s que hi ha molt a veure a Figueres i als voltants de la ciutat. <strong>Figueres <\/strong>\u00e9s coneguda mundialment per ser el bressol del geni Salvador Dal\u00ed, per\u00f2 tamb\u00e9 \u00e9s un lloc ple d&#8217;hist\u00f2ria, cultura, gastronomia i amb una ubicaci\u00f3 privilegiada entre el mar i la muntanya, a la Costa Brava, Girona.<\/p>\t\t\t\t\t\t\t\t<\/div>\n\t\t\t\t<div class=\"elementor-element elementor-element-199a57c elementor-widget elementor-widget-eael-breadcrumbs\" data-id=\"199a57c\" data-element_type=\"widget\" data-e-type=\"widget\" data-widget_type=\"eael-breadcrumbs.default\">\n\t\t\t\t<div class=\"elementor-widget-container\">\n\t\t\t\t\t\t\t<div class=\"eael-breadcrumbs\">\n\t\t\t<div class=\"eael-breadcrumbs__content\"><a href=\"https:\/\/hostallabarretina.com\/ca\/\">Inicio<\/a> <span class=\"eael-breadcrumb-separator\">\/<\/span> <span class = \"eael-current\">P\u00e0gina<\/span><\/div>\t\t<\/div>\n\t\t\t\t\t\t<\/div>\n\t\t\t\t<\/div>\n\t\t\t\t\t<\/div>\n\t\t\t\t<\/div>\n\t\t<div class=\"elementor-element elementor-element-93872bb e-flex e-con-boxed e-con e-parent\" data-id=\"93872bb\" data-element_type=\"container\" data-e-type=\"container\">\n\t\t\t\t\t<div class=\"e-con-inner\">\n\t\t<div class=\"elementor-element elementor-element-163b01e e-con-full e-flex e-con e-child\" data-id=\"163b01e\" data-element_type=\"container\" data-e-type=\"container\">\n\t\t\t\t<div class=\"elementor-element elementor-element-18b2f49 elementor-widget elementor-widget-heading\" data-id=\"18b2f49\" data-element_type=\"widget\" data-e-type=\"widget\" data-widget_type=\"heading.default\">\n\t\t\t\t\t<h2 class=\"elementor-heading-title elementor-size-default\">Turisme a Figueres: cultura i art a cada rac\u00f3<\/h2>\t\t\t\t<\/div>\n\t\t\t\t<div class=\"elementor-element elementor-element-6916074 elementor-widget elementor-widget-text-editor\" data-id=\"6916074\" data-element_type=\"widget\" data-e-type=\"widget\" data-widget_type=\"text-editor.default\">\n\t\t\t\t\t\t\t\t\t<p>El gran protagonista \u00e9s sens dubte el <a href=\"https:\/\/www.salvador-dali.org\/es\/visita\/teatro-museo-dali\/\" target=\"_blank\" rel=\"noopener\">Teatre-Museu Dal\u00ed<\/a>, una visita imprescindible per als amants de l&#8217;art surrealista. Molt a prop tamb\u00e9 trobareu la Casa Natal de Dal\u00ed i el Museu de la Joguina de Catalunya, perfecte per a totes les edats.<\/p><p>La ciutat compta amb monuments destacats com l&#8217;Esgl\u00e9sia de Sant Pere i la Pla\u00e7a de l&#8217;Ajuntament, on podreu gaudir de l&#8217;ambient local i de l&#8217;arquitectura t\u00edpica catalana.<\/p>\t\t\t\t\t\t\t\t<\/div>\n\t\t\t\t<\/div>\n\t\t<div class=\"elementor-element elementor-element-9c44ebe e-con-full e-flex e-con e-child\" data-id=\"9c44ebe\" data-element_type=\"container\" data-e-type=\"container\">\n\t\t\t\t<div class=\"elementor-element elementor-element-9132dbf elementor-widget elementor-widget-image\" data-id=\"9132dbf\" data-element_type=\"widget\" data-e-type=\"widget\" data-widget_type=\"image.default\">\n\t\t\t\t\t\t\t\t\t\t\t\t\t\t\t<img fetchpriority=\"high\" decoding=\"async\" width=\"960\" height=\"720\" src=\"https:\/\/hostallabarretina.com\/wp-content\/uploads\/2025\/08\/figueres-1.jpg\" class=\"attachment-large size-large wp-image-236\" alt=\"Figueres, Girona\" srcset=\"https:\/\/hostallabarretina.com\/wp-content\/uploads\/2025\/08\/figueres-1.jpg 960w, https:\/\/hostallabarretina.com\/wp-content\/uploads\/2025\/08\/figueres-1-768x576.jpg 768w\" sizes=\"(max-width: 960px) 100vw, 960px\" \/>\t\t\t\t\t\t\t\t\t\t\t\t\t\t\t<\/div>\n\t\t\t\t<\/div>\n\t\t\t\t\t<\/div>\n\t\t\t\t<\/div>\n\t\t<div class=\"elementor-element elementor-element-4f6a853 e-flex e-con-boxed e-con e-parent\" data-id=\"4f6a853\" data-element_type=\"container\" data-e-type=\"container\">\n\t\t\t\t\t<div class=\"e-con-inner\">\n\t\t<div class=\"elementor-element elementor-element-d1af44c e-con-full e-flex e-con e-child\" data-id=\"d1af44c\" data-element_type=\"container\" data-e-type=\"container\">\n\t\t\t\t<div class=\"elementor-element elementor-element-e3fd440 elementor-widget elementor-widget-image\" data-id=\"e3fd440\" data-element_type=\"widget\" data-e-type=\"widget\" data-widget_type=\"image.default\">\n\t\t\t\t\t\t\t\t\t\t\t\t\t\t\t<img decoding=\"async\" width=\"960\" height=\"720\" src=\"https:\/\/hostallabarretina.com\/wp-content\/uploads\/2025\/08\/castell-sant-ferran-1.jpg\" class=\"attachment-large size-large wp-image-241\" alt=\"Castell de Sant Ferran - Figueres, Girona\" srcset=\"https:\/\/hostallabarretina.com\/wp-content\/uploads\/2025\/08\/castell-sant-ferran-1.jpg 960w, https:\/\/hostallabarretina.com\/wp-content\/uploads\/2025\/08\/castell-sant-ferran-1-768x576.jpg 768w\" sizes=\"(max-width: 960px) 100vw, 960px\" \/>\t\t\t\t\t\t\t\t\t\t\t\t\t\t\t<\/div>\n\t\t\t\t<\/div>\n\t\t<div class=\"elementor-element elementor-element-996e9f6 e-con-full e-flex e-con e-child\" data-id=\"996e9f6\" data-element_type=\"container\" data-e-type=\"container\">\n\t\t\t\t<div class=\"elementor-element elementor-element-ef95e2f elementor-widget elementor-widget-heading\" data-id=\"ef95e2f\" data-element_type=\"widget\" data-e-type=\"widget\" data-widget_type=\"heading.default\">\n\t\t\t\t\t<h2 class=\"elementor-heading-title elementor-size-default\">Patrimoni hist\u00f2ric i arquitectura<\/h2>\t\t\t\t<\/div>\n\t\t\t\t<div class=\"elementor-element elementor-element-81912db elementor-widget elementor-widget-text-editor\" data-id=\"81912db\" data-element_type=\"widget\" data-e-type=\"widget\" data-widget_type=\"text-editor.default\">\n\t\t\t\t\t\t\t\t\t<p>Si parlem d&#8217;hist\u00f2ria, el <strong>Castell de Sant Ferran<\/strong> \u00e9s un dels grans atractius. Considerada una de les fortaleses m\u00e9s grans d&#8217;Europa, permet con\u00e8ixer de prop la import\u00e0ncia estrat\u00e8gica de Figueres als segles passats.<\/p><p>A m\u00e9s, el Parc Bosc de Figueres \u00e9s un pulm\u00f3 verd al centre de la ciutat, ideal per fer una passejada tranquil despr\u00e9s de visitar els principals punts tur\u00edstics.<\/p>\t\t\t\t\t\t\t\t<\/div>\n\t\t\t\t<\/div>\n\t\t\t\t\t<\/div>\n\t\t\t\t<\/div>\n\t\t<div class=\"elementor-element elementor-element-dc8c174 e-flex e-con-boxed e-con e-parent\" data-id=\"dc8c174\" data-element_type=\"container\" data-e-type=\"container\">\n\t\t\t\t\t<div class=\"e-con-inner\">\n\t\t<div class=\"elementor-element elementor-element-71c84a8 e-con-full e-flex e-con e-child\" data-id=\"71c84a8\" data-element_type=\"container\" data-e-type=\"container\">\n\t\t\t\t<div class=\"elementor-element elementor-element-6b9fbf8 elementor-widget elementor-widget-heading\" data-id=\"6b9fbf8\" data-element_type=\"widget\" data-e-type=\"widget\" data-widget_type=\"heading.default\">\n\t\t\t\t\t<h3 class=\"elementor-heading-title elementor-size-default\">Excursions des de Figueres: mar i natura<\/h3>\t\t\t\t<\/div>\n\t\t\t\t<div class=\"elementor-element elementor-element-b90a4d4 elementor-widget elementor-widget-text-editor\" data-id=\"b90a4d4\" data-element_type=\"widget\" data-e-type=\"widget\" data-widget_type=\"text-editor.default\">\n\t\t\t\t\t\t\t\t\t<p>Gr\u00e0cies a la seva ubicaci\u00f3, Figueres es converteix en un punt de partida excel\u00b7lent per descobrir els encants de l&#8217;Alt Empord\u00e0.<\/p><p><strong>Platges de la Costa Brava<\/strong>: en nom\u00e9s 15 km arribar\u00e0s a Empuriabrava, Roses o Llan\u00e7\u00e0, on podr\u00e0s gaudir del sol i el Mediterrani.<\/p><p><strong>Parcs Naturals<\/strong>: el Parc Natural dels Aiguamolls de l\u2019Empord\u00e0 i el Cap de Creus s\u00f3n espais \u00fanics per als amants de la natura i les activitats a l&#8217;aire lliure.<\/p><p><strong>Pobles amb encant<\/strong>: Peralada, Besal\u00fa o Castell\u00f3 d\u2019Emp\u00faries ofereixen un viatge al passat amb carrers empedrats i castells medievals.<\/p>\t\t\t\t\t\t\t\t<\/div>\n\t\t\t\t<\/div>\n\t\t<div class=\"elementor-element elementor-element-e369386 e-con-full e-flex e-con e-child\" data-id=\"e369386\" data-element_type=\"container\" data-e-type=\"container\">\n\t\t\t\t<div class=\"elementor-element elementor-element-139b229 elementor-widget elementor-widget-image\" data-id=\"139b229\" data-element_type=\"widget\" data-e-type=\"widget\" data-widget_type=\"image.default\">\n\t\t\t\t\t\t\t\t\t\t\t\t\t\t\t<img decoding=\"async\" width=\"800\" height=\"600\" src=\"https:\/\/hostallabarretina.com\/wp-content\/uploads\/2025\/08\/dali-1.jpg\" class=\"attachment-large size-large wp-image-243\" alt=\"Casa-Museu Salvador Dal\u00ed\" srcset=\"https:\/\/hostallabarretina.com\/wp-content\/uploads\/2025\/08\/dali-1.jpg 800w, https:\/\/hostallabarretina.com\/wp-content\/uploads\/2025\/08\/dali-1-768x576.jpg 768w\" sizes=\"(max-width: 800px) 100vw, 800px\" \/>\t\t\t\t\t\t\t\t\t\t\t\t\t\t\t<\/div>\n\t\t\t\t<\/div>\n\t\t\t\t\t<\/div>\n\t\t\t\t<\/div>\n\t\t<div class=\"elementor-element elementor-element-846f130 e-flex e-con-boxed e-con e-parent\" data-id=\"846f130\" data-element_type=\"container\" data-e-type=\"container\" data-settings=\"{&quot;background_background&quot;:&quot;classic&quot;}\">\n\t\t\t\t\t<div class=\"e-con-inner\">\n\t\t<div class=\"elementor-element elementor-element-d9be036 e-con-full e-flex e-con e-child\" data-id=\"d9be036\" data-element_type=\"container\" data-e-type=\"container\">\n\t\t\t\t<div class=\"elementor-element elementor-element-5006ef3 elementor-widget elementor-widget-heading\" data-id=\"5006ef3\" data-element_type=\"widget\" data-e-type=\"widget\" data-widget_type=\"heading.default\">\n\t\t\t\t\t<h3 class=\"elementor-heading-title elementor-size-default\">El teu allotjament a Figueres, Girona<\/h3>\t\t\t\t<\/div>\n\t\t\t\t<div class=\"elementor-element elementor-element-433e6fb elementor-widget elementor-widget-text-editor\" data-id=\"433e6fb\" data-element_type=\"widget\" data-e-type=\"widget\" data-widget_type=\"text-editor.default\">\n\t\t\t\t\t\t\t\t\t<p>Despr\u00e9s d&#8217;un dia de turisme, l&#8217;<strong>Hostal La Barretina<\/strong> \u00e9s l&#8217;opci\u00f3 perfecta per descansar al centre de la ciutat. El nostre hostal a Figueres combina comoditat, ubicaci\u00f3 estrat\u00e8gica i un ambient familiar que far\u00e0 que la vostra estada sigui inoblidable.<\/p>\t\t\t\t\t\t\t\t<\/div>\n\t\t\t\t<div class=\"elementor-element elementor-element-89c2335 elementor-widget elementor-widget-button\" data-id=\"89c2335\" data-element_type=\"widget\" data-e-type=\"widget\" data-widget_type=\"button.default\">\n\t\t\t\t\t\t\t\t\t\t<a class=\"elementor-button elementor-button-link elementor-size-sm\" href=\"https:\/\/hostallabarretina.com\/ca\/lhostal\/\">\n\t\t\t\t\t\t<span class=\"elementor-button-content-wrapper\">\n\t\t\t\t\t\t<span class=\"elementor-button-icon\">\n\t\t\t\t<svg aria-hidden=\"true\" class=\"e-font-icon-svg e-fas-arrow-right\" viewBox=\"0 0 448 512\" xmlns=\"http:\/\/www.w3.org\/2000\/svg\"><path d=\"M190.5 66.9l22.2-22.2c9.4-9.4 24.6-9.4 33.9 0L441 239c9.4 9.4 9.4 24.6 0 33.9L246.6 467.3c-9.4 9.4-24.6 9.4-33.9 0l-22.2-22.2c-9.5-9.5-9.3-25 .4-34.3L311.4 296H24c-13.3 0-24-10.7-24-24v-32c0-13.3 10.7-24 24-24h287.4L190.9 101.2c-9.8-9.3-10-24.8-.4-34.3z\"><\/path><\/svg>\t\t\t<\/span>\n\t\t\t\t\t\t\t\t\t<span class=\"elementor-button-text\">Reserveu l'habitaci\u00f3 al nostre hostal a Figueres<\/span>\n\t\t\t\t\t<\/span>\n\t\t\t\t\t<\/a>\n\t\t\t\t\t\t\t\t<\/div>\n\t\t\t\t<\/div>\n\t\t<div class=\"elementor-element elementor-element-14b617f e-con-full e-flex e-con e-child\" data-id=\"14b617f\" data-element_type=\"container\" data-e-type=\"container\">\n\t\t\t\t<div class=\"elementor-element elementor-element-41254c3 elementor-widget elementor-widget-image\" data-id=\"41254c3\" data-element_type=\"widget\" data-e-type=\"widget\" data-widget_type=\"image.default\">\n\t\t\t\t\t\t\t\t\t\t\t\t\t\t\t<img loading=\"lazy\" decoding=\"async\" width=\"1600\" height=\"1067\" src=\"https:\/\/hostallabarretina.com\/wp-content\/uploads\/2025\/08\/barretina-1.jpg\" class=\"attachment-large size-large wp-image-53\" alt=\"Hostal la barretina Figueres\" srcset=\"https:\/\/hostallabarretina.com\/wp-content\/uploads\/2025\/08\/barretina-1.jpg 1600w, https:\/\/hostallabarretina.com\/wp-content\/uploads\/2025\/08\/barretina-1-768x512.jpg 768w, https:\/\/hostallabarretina.com\/wp-content\/uploads\/2025\/08\/barretina-1-1536x1024.jpg 1536w\" sizes=\"(max-width: 1600px) 100vw, 1600px\" \/>\t\t\t\t\t\t\t\t\t\t\t\t\t\t\t<\/div>\n\t\t\t\t<\/div>\n\t\t\t\t\t<\/div>\n\t\t\t\t<\/div>\n\t\t\t\t<\/div>\n\t\t","protected":false},"excerpt":{"rendered":"<p>Qu\u00e8 veure a Figueres i rodalies Si est\u00e0s pensant en fer una escapada a l&#8217;Empord\u00e0, descobrir\u00e0s que hi ha molt [&hellip;]<\/p>\n","protected":false},"author":1,"featured_media":0,"parent":0,"menu_order":0,"comment_status":"closed","ping_status":"closed","template":"","meta":{"site-sidebar-layout":"no-sidebar","site-content-layout":"","ast-site-content-layout":"full-width-container","site-content-style":"default","site-sidebar-style":"default","ast-global-header-display":"","ast-banner-title-visibility":"","ast-main-header-display":"","ast-hfb-above-header-display":"","ast-hfb-below-header-display":"","ast-hfb-mobile-header-display":"","site-post-title":"disabled","ast-breadcrumbs-content":"","ast-featured-img":"disabled","footer-sml-layout":"","ast-disable-related-posts":"","theme-transparent-header-meta":"default","adv-header-id-meta":"","stick-header-meta":"default","header-above-stick-meta":"","header-main-stick-meta":"","header-below-stick-meta":"","astra-migrate-meta-layouts":"default","ast-page-background-enabled":"default","ast-page-background-meta":{"desktop":{"background-color":"var(--ast-global-color-5)","background-image":"","background-repeat":"repeat","background-position":"center center","background-size":"auto","background-attachment":"scroll","background-type":"","background-media":"","overlay-type":"","overlay-color":"","overlay-opacity":"","overlay-gradient":""},"tablet":{"background-color":"","background-image":"","background-repeat":"repeat","background-position":"center center","background-size":"auto","background-attachment":"scroll","background-type":"","background-media":"","overlay-type":"","overlay-color":"","overlay-opacity":"","overlay-gradient":""},"mobile":{"background-color":"","background-image":"","background-repeat":"repeat","background-position":"center center","background-size":"auto","background-attachment":"scroll","background-type":"","background-media":"","overlay-type":"","overlay-color":"","overlay-opacity":"","overlay-gradient":""}},"ast-content-background-meta":{"desktop":{"background-color":"var(--ast-global-color-4)","background-image":"","background-repeat":"repeat","background-position":"center center","background-size":"auto","background-attachment":"scroll","background-type":"","background-media":"","overlay-type":"","overlay-color":"","overlay-opacity":"","overlay-gradient":""},"tablet":{"background-color":"var(--ast-global-color-4)","background-image":"","background-repeat":"repeat","background-position":"center center","background-size":"auto","background-attachment":"scroll","background-type":"","background-media":"","overlay-type":"","overlay-color":"","overlay-opacity":"","overlay-gradient":""},"mobile":{"background-color":"var(--ast-global-color-4)","background-image":"","background-repeat":"repeat","background-position":"center center","background-size":"auto","background-attachment":"scroll","background-type":"","background-media":"","overlay-type":"","overlay-color":"","overlay-opacity":"","overlay-gradient":""}},"footnotes":""},"class_list":["post-702","page","type-page","status-publish","hentry"],"yoast_head":"<!-- This site is optimized with the Yoast SEO plugin v27.0 - https:\/\/yoast.com\/product\/yoast-seo-wordpress\/ -->\n<title>Qu\u00e8 veure a Figueres i rodalies - Hostal la Barretina Figueres<\/title>\n<meta name=\"description\" content=\"Si est\u00e0s pensant en fer una escapada a l&#039;Empord\u00e0, descobrir\u00e0s que hi ha molt per veure a Figueres i als voltants de la ciutat.\" \/>\n<meta name=\"robots\" content=\"index, follow, max-snippet:-1, max-image-preview:large, max-video-preview:-1\" \/>\n<link rel=\"canonical\" href=\"https:\/\/hostallabarretina.com\/ca\/que-veure-a-figueres-i-rodalies\/\" \/>\n<meta property=\"og:locale\" content=\"ca_ES\" \/>\n<meta property=\"og:type\" content=\"article\" \/>\n<meta property=\"og:title\" content=\"Qu\u00e8 veure a Figueres i rodalies - Hostal la Barretina Figueres\" \/>\n<meta property=\"og:description\" content=\"Si est\u00e0s pensant en fer una escapada a l&#039;Empord\u00e0, descobrir\u00e0s que hi ha molt per veure a Figueres i als voltants de la ciutat.\" \/>\n<meta property=\"og:url\" content=\"https:\/\/hostallabarretina.com\/ca\/que-veure-a-figueres-i-rodalies\/\" \/>\n<meta property=\"og:site_name\" content=\"Hostal la Barretina Figueres\" \/>\n<meta property=\"article:modified_time\" content=\"2025-09-10T14:44:37+00:00\" \/>\n<meta property=\"og:image\" content=\"https:\/\/hostallabarretina.com\/wp-content\/uploads\/2025\/08\/figueres-1.jpg\" \/>\n\t<meta property=\"og:image:width\" content=\"960\" \/>\n\t<meta property=\"og:image:height\" content=\"720\" \/>\n\t<meta property=\"og:image:type\" content=\"image\/jpeg\" \/>\n<meta name=\"twitter:card\" content=\"summary_large_image\" \/>\n<meta name=\"twitter:label1\" content=\"Temps estimat de lectura\" \/>\n\t<meta name=\"twitter:data1\" content=\"2 minuts\" \/>\n<script type=\"application\/ld+json\" class=\"yoast-schema-graph\">{\"@context\":\"https:\/\/schema.org\",\"@graph\":[{\"@type\":\"WebPage\",\"@id\":\"https:\/\/hostallabarretina.com\/ca\/que-veure-a-figueres-i-rodalies\/\",\"url\":\"https:\/\/hostallabarretina.com\/ca\/que-veure-a-figueres-i-rodalies\/\",\"name\":\"Qu\u00e8 veure a Figueres i rodalies - Hostal la Barretina Figueres\",\"isPartOf\":{\"@id\":\"https:\/\/hostallabarretina.com\/#website\"},\"primaryImageOfPage\":{\"@id\":\"https:\/\/hostallabarretina.com\/ca\/que-veure-a-figueres-i-rodalies\/#primaryimage\"},\"image\":{\"@id\":\"https:\/\/hostallabarretina.com\/ca\/que-veure-a-figueres-i-rodalies\/#primaryimage\"},\"thumbnailUrl\":\"https:\/\/hostallabarretina.com\/wp-content\/uploads\/2025\/08\/figueres-1.jpg\",\"datePublished\":\"2025-09-10T12:06:33+00:00\",\"dateModified\":\"2025-09-10T14:44:37+00:00\",\"description\":\"Si est\u00e0s pensant en fer una escapada a l'Empord\u00e0, descobrir\u00e0s que hi ha molt per veure a Figueres i als voltants de la ciutat.\",\"breadcrumb\":{\"@id\":\"https:\/\/hostallabarretina.com\/ca\/que-veure-a-figueres-i-rodalies\/#breadcrumb\"},\"inLanguage\":\"ca\",\"potentialAction\":[{\"@type\":\"ReadAction\",\"target\":[\"https:\/\/hostallabarretina.com\/ca\/que-veure-a-figueres-i-rodalies\/\"]}]},{\"@type\":\"ImageObject\",\"inLanguage\":\"ca\",\"@id\":\"https:\/\/hostallabarretina.com\/ca\/que-veure-a-figueres-i-rodalies\/#primaryimage\",\"url\":\"https:\/\/hostallabarretina.com\/wp-content\/uploads\/2025\/08\/figueres-1.jpg\",\"contentUrl\":\"https:\/\/hostallabarretina.com\/wp-content\/uploads\/2025\/08\/figueres-1.jpg\"},{\"@type\":\"BreadcrumbList\",\"@id\":\"https:\/\/hostallabarretina.com\/ca\/que-veure-a-figueres-i-rodalies\/#breadcrumb\",\"itemListElement\":[{\"@type\":\"ListItem\",\"position\":1,\"name\":\"Portada\",\"item\":\"https:\/\/hostallabarretina.com\/\"},{\"@type\":\"ListItem\",\"position\":2,\"name\":\"Qu\u00e8 veure a Figueres i rodalies\"}]},{\"@type\":\"WebSite\",\"@id\":\"https:\/\/hostallabarretina.com\/#website\",\"url\":\"https:\/\/hostallabarretina.com\/\",\"name\":\"Hostal la Barretina Figueres\",\"description\":\"Hostal Restaurante La Barretina en Figueres, habitaciones acogedoras y cocina catalana tradicional.\",\"publisher\":{\"@id\":\"https:\/\/hostallabarretina.com\/#organization\"},\"potentialAction\":[{\"@type\":\"SearchAction\",\"target\":{\"@type\":\"EntryPoint\",\"urlTemplate\":\"https:\/\/hostallabarretina.com\/?s={search_term_string}\"},\"query-input\":{\"@type\":\"PropertyValueSpecification\",\"valueRequired\":true,\"valueName\":\"search_term_string\"}}],\"inLanguage\":\"ca\"},{\"@type\":\"Organization\",\"@id\":\"https:\/\/hostallabarretina.com\/#organization\",\"name\":\"Hostal la Barretina Figueres\",\"url\":\"https:\/\/hostallabarretina.com\/\",\"logo\":{\"@type\":\"ImageObject\",\"inLanguage\":\"ca\",\"@id\":\"https:\/\/hostallabarretina.com\/#\/schema\/logo\/image\/\",\"url\":\"https:\/\/hostallabarretina.com\/wp-content\/uploads\/2025\/08\/logo.png\",\"contentUrl\":\"https:\/\/hostallabarretina.com\/wp-content\/uploads\/2025\/08\/logo.png\",\"width\":219,\"height\":89,\"caption\":\"Hostal la Barretina Figueres\"},\"image\":{\"@id\":\"https:\/\/hostallabarretina.com\/#\/schema\/logo\/image\/\"}}]}<\/script>\n<!-- \/ Yoast SEO plugin. -->","yoast_head_json":{"title":"Qu\u00e8 veure a Figueres i rodalies - Hostal la Barretina Figueres","description":"Si est\u00e0s pensant en fer una escapada a l'Empord\u00e0, descobrir\u00e0s que hi ha molt per veure a Figueres i als voltants de la ciutat.","robots":{"index":"index","follow":"follow","max-snippet":"max-snippet:-1","max-image-preview":"max-image-preview:large","max-video-preview":"max-video-preview:-1"},"canonical":"https:\/\/hostallabarretina.com\/ca\/que-veure-a-figueres-i-rodalies\/","og_locale":"ca_ES","og_type":"article","og_title":"Qu\u00e8 veure a Figueres i rodalies - Hostal la Barretina Figueres","og_description":"Si est\u00e0s pensant en fer una escapada a l'Empord\u00e0, descobrir\u00e0s que hi ha molt per veure a Figueres i als voltants de la ciutat.","og_url":"https:\/\/hostallabarretina.com\/ca\/que-veure-a-figueres-i-rodalies\/","og_site_name":"Hostal la Barretina Figueres","article_modified_time":"2025-09-10T14:44:37+00:00","og_image":[{"width":960,"height":720,"url":"https:\/\/hostallabarretina.com\/wp-content\/uploads\/2025\/08\/figueres-1.jpg","type":"image\/jpeg"}],"twitter_card":"summary_large_image","twitter_misc":{"Temps estimat de lectura":"2 minuts"},"schema":{"@context":"https:\/\/schema.org","@graph":[{"@type":"WebPage","@id":"https:\/\/hostallabarretina.com\/ca\/que-veure-a-figueres-i-rodalies\/","url":"https:\/\/hostallabarretina.com\/ca\/que-veure-a-figueres-i-rodalies\/","name":"Qu\u00e8 veure a Figueres i rodalies - Hostal la Barretina Figueres","isPartOf":{"@id":"https:\/\/hostallabarretina.com\/#website"},"primaryImageOfPage":{"@id":"https:\/\/hostallabarretina.com\/ca\/que-veure-a-figueres-i-rodalies\/#primaryimage"},"image":{"@id":"https:\/\/hostallabarretina.com\/ca\/que-veure-a-figueres-i-rodalies\/#primaryimage"},"thumbnailUrl":"https:\/\/hostallabarretina.com\/wp-content\/uploads\/2025\/08\/figueres-1.jpg","datePublished":"2025-09-10T12:06:33+00:00","dateModified":"2025-09-10T14:44:37+00:00","description":"Si est\u00e0s pensant en fer una escapada a l'Empord\u00e0, descobrir\u00e0s que hi ha molt per veure a Figueres i als voltants de la ciutat.","breadcrumb":{"@id":"https:\/\/hostallabarretina.com\/ca\/que-veure-a-figueres-i-rodalies\/#breadcrumb"},"inLanguage":"ca","potentialAction":[{"@type":"ReadAction","target":["https:\/\/hostallabarretina.com\/ca\/que-veure-a-figueres-i-rodalies\/"]}]},{"@type":"ImageObject","inLanguage":"ca","@id":"https:\/\/hostallabarretina.com\/ca\/que-veure-a-figueres-i-rodalies\/#primaryimage","url":"https:\/\/hostallabarretina.com\/wp-content\/uploads\/2025\/08\/figueres-1.jpg","contentUrl":"https:\/\/hostallabarretina.com\/wp-content\/uploads\/2025\/08\/figueres-1.jpg"},{"@type":"BreadcrumbList","@id":"https:\/\/hostallabarretina.com\/ca\/que-veure-a-figueres-i-rodalies\/#breadcrumb","itemListElement":[{"@type":"ListItem","position":1,"name":"Portada","item":"https:\/\/hostallabarretina.com\/"},{"@type":"ListItem","position":2,"name":"Qu\u00e8 veure a Figueres i rodalies"}]},{"@type":"WebSite","@id":"https:\/\/hostallabarretina.com\/#website","url":"https:\/\/hostallabarretina.com\/","name":"Hostal la Barretina Figueres","description":"Hostal Restaurante La Barretina en Figueres, habitaciones acogedoras y cocina catalana tradicional.","publisher":{"@id":"https:\/\/hostallabarretina.com\/#organization"},"potentialAction":[{"@type":"SearchAction","target":{"@type":"EntryPoint","urlTemplate":"https:\/\/hostallabarretina.com\/?s={search_term_string}"},"query-input":{"@type":"PropertyValueSpecification","valueRequired":true,"valueName":"search_term_string"}}],"inLanguage":"ca"},{"@type":"Organization","@id":"https:\/\/hostallabarretina.com\/#organization","name":"Hostal la Barretina Figueres","url":"https:\/\/hostallabarretina.com\/","logo":{"@type":"ImageObject","inLanguage":"ca","@id":"https:\/\/hostallabarretina.com\/#\/schema\/logo\/image\/","url":"https:\/\/hostallabarretina.com\/wp-content\/uploads\/2025\/08\/logo.png","contentUrl":"https:\/\/hostallabarretina.com\/wp-content\/uploads\/2025\/08\/logo.png","width":219,"height":89,"caption":"Hostal la Barretina Figueres"},"image":{"@id":"https:\/\/hostallabarretina.com\/#\/schema\/logo\/image\/"}}]}},"_links":{"self":[{"href":"https:\/\/hostallabarretina.com\/ca\/wp-json\/wp\/v2\/pages\/702","targetHints":{"allow":["GET"]}}],"collection":[{"href":"https:\/\/hostallabarretina.com\/ca\/wp-json\/wp\/v2\/pages"}],"about":[{"href":"https:\/\/hostallabarretina.com\/ca\/wp-json\/wp\/v2\/types\/page"}],"author":[{"embeddable":true,"href":"https:\/\/hostallabarretina.com\/ca\/wp-json\/wp\/v2\/users\/1"}],"replies":[{"embeddable":true,"href":"https:\/\/hostallabarretina.com\/ca\/wp-json\/wp\/v2\/comments?post=702"}],"version-history":[{"count":1,"href":"https:\/\/hostallabarretina.com\/ca\/wp-json\/wp\/v2\/pages\/702\/revisions"}],"predecessor-version":[{"id":703,"href":"https:\/\/hostallabarretina.com\/ca\/wp-json\/wp\/v2\/pages\/702\/revisions\/703"}],"wp:attachment":[{"href":"https:\/\/hostallabarretina.com\/ca\/wp-json\/wp\/v2\/media?parent=702"}],"curies":[{"name":"wp","href":"https:\/\/api.w.org\/{rel}","templated":true}]}}