{"id":700,"date":"2025-08-21T12:47:23","date_gmt":"2025-08-21T10:47:23","guid":{"rendered":"https:\/\/hostallabarretina.com\/el-restaurant\/"},"modified":"2025-09-10T16:44:52","modified_gmt":"2025-09-10T14:44:52","slug":"restaurant-a-figueres","status":"publish","type":"page","link":"https:\/\/hostallabarretina.com\/ca\/restaurant-a-figueres\/","title":{"rendered":"El Restaurant"},"content":{"rendered":"\t\t<div data-elementor-type=\"wp-page\" data-elementor-id=\"700\" class=\"elementor elementor-700 elementor-13\">\n\t\t\t\t<div class=\"elementor-element elementor-element-e8bc4a1 e-flex e-con-boxed e-con e-parent\" data-id=\"e8bc4a1\" data-element_type=\"container\" data-e-type=\"container\" data-settings=\"{&quot;background_background&quot;:&quot;classic&quot;}\">\n\t\t\t\t\t<div class=\"e-con-inner\">\n\t\t\t\t<div class=\"elementor-element elementor-element-20646ee elementor-widget elementor-widget-heading\" data-id=\"20646ee\" data-element_type=\"widget\" data-e-type=\"widget\" data-widget_type=\"heading.default\">\n\t\t\t\t\t<h1 class=\"elementor-heading-title elementor-size-default\">Restaurant a Figueres <em style=\"font-weight: 800\">La Barretina<\/em><\/h1>\t\t\t\t<\/div>\n\t\t\t\t<div class=\"elementor-element elementor-element-be5c2b8 elementor-widget elementor-widget-text-editor\" data-id=\"be5c2b8\" data-element_type=\"widget\" data-e-type=\"widget\" data-widget_type=\"text-editor.default\">\n\t\t\t\t\t\t\t\t\t<p>Si cerques un <strong>restaurant a Figueres<\/strong> on gaudir de l&#8217;aut\u00e8ntica <strong>cuina catalana <\/strong>en un ambient familiar, el <strong>Restaurant La Barretina<\/strong> \u00e9s la teva millor elecci\u00f3. Ubicat al centre de la ciutat, a pocs metres del Museu Dal\u00ed, oferim men\u00fas casolans i una carta variada pensada per a tots els gustos. Des del 1993 som un lloc de refer\u00e8ncia per a ve\u00efns i visitants que volen viure una experi\u00e8ncia gastron\u00f2mica aut\u00e8ntica al cor de l&#8217;<strong>Alt Empord\u00e0<\/strong>.<\/p>\t\t\t\t\t\t\t\t<\/div>\n\t\t\t\t<div class=\"elementor-element elementor-element-efcd32b elementor-widget elementor-widget-eael-breadcrumbs\" data-id=\"efcd32b\" data-element_type=\"widget\" data-e-type=\"widget\" data-widget_type=\"eael-breadcrumbs.default\">\n\t\t\t\t<div class=\"elementor-widget-container\">\n\t\t\t\t\t\t\t<div class=\"eael-breadcrumbs\">\n\t\t\t<div class=\"eael-breadcrumbs__content\"><a href=\"https:\/\/hostallabarretina.com\/ca\/\">Inicio<\/a> <span class=\"eael-breadcrumb-separator\">\/<\/span> <span class = \"eael-current\">P\u00e0gina<\/span><\/div>\t\t<\/div>\n\t\t\t\t\t\t<\/div>\n\t\t\t\t<\/div>\n\t\t\t\t\t<\/div>\n\t\t\t\t<\/div>\n\t\t<div class=\"elementor-element elementor-element-31af986 e-flex e-con-boxed e-con e-parent\" data-id=\"31af986\" data-element_type=\"container\" data-e-type=\"container\">\n\t\t\t\t\t<div class=\"e-con-inner\">\n\t\t<div class=\"elementor-element elementor-element-c2211ed e-con-full e-flex e-con e-child\" data-id=\"c2211ed\" data-element_type=\"container\" data-e-type=\"container\">\n\t\t\t\t<div class=\"elementor-element elementor-element-d5276d5 elementor-widget elementor-widget-heading\" data-id=\"d5276d5\" data-element_type=\"widget\" data-e-type=\"widget\" data-widget_type=\"heading.default\">\n\t\t\t\t\t<h2 class=\"elementor-heading-title elementor-size-default\">Cuina catalana casolana<\/h2>\t\t\t\t<\/div>\n\t\t\t\t<div class=\"elementor-element elementor-element-0e1d86c elementor-widget elementor-widget-text-editor\" data-id=\"0e1d86c\" data-element_type=\"widget\" data-e-type=\"widget\" data-widget_type=\"text-editor.default\">\n\t\t\t\t\t\t\t\t\t<p>Al nostre <strong>restaurant a Figueres<\/strong> podr\u00e0s degustar una cuina tradicional basada en productes frescos de la zona. El nostre men\u00fa diari, tant al migdia com a la nit, inclou entrants, plats principals i postres casolanes que reflecteixen l&#8217;ess\u00e8ncia del receptari catal\u00e0.<\/p><p>Entre les nostres especialitats trobar\u00e0s receptes de tota la vida com; Arr\u00f2s a la cassola, canelons casolans, llu\u00e7 a la cassola, vedella amb bolets, mandonguilles amb p\u00e8sols, pa amb tom\u00e0quet amb embotits locals, etc.<\/p><p>Cada plat est\u00e0 elaborat amb cura per oferir una experi\u00e8ncia gastron\u00f2mica \u00fanica, on tradici\u00f3 i sabor van de la m\u00e0.<\/p>\t\t\t\t\t\t\t\t<\/div>\n\t\t\t\t<\/div>\n\t\t<div class=\"elementor-element elementor-element-5f331e3 e-con-full e-flex e-con e-child\" data-id=\"5f331e3\" data-element_type=\"container\" data-e-type=\"container\">\n\t\t\t\t<div class=\"elementor-element elementor-element-f5642cd elementor-widget elementor-widget-image\" data-id=\"f5642cd\" data-element_type=\"widget\" data-e-type=\"widget\" data-widget_type=\"image.default\">\n\t\t\t\t\t\t\t\t\t\t\t\t\t\t\t<img fetchpriority=\"high\" decoding=\"async\" width=\"1000\" height=\"850\" src=\"https:\/\/hostallabarretina.com\/wp-content\/uploads\/2025\/09\/barretina-5.jpg\" class=\"attachment-large size-large wp-image-480\" alt=\"Restaurante La Barretina Figueres\" srcset=\"https:\/\/hostallabarretina.com\/wp-content\/uploads\/2025\/09\/barretina-5.jpg 1000w, https:\/\/hostallabarretina.com\/wp-content\/uploads\/2025\/09\/barretina-5-768x653.jpg 768w\" sizes=\"(max-width: 1000px) 100vw, 1000px\" \/>\t\t\t\t\t\t\t\t\t\t\t\t\t\t\t<\/div>\n\t\t\t\t<\/div>\n\t\t\t\t\t<\/div>\n\t\t\t\t<\/div>\n\t\t<div class=\"elementor-element elementor-element-e2acb88 e-flex e-con-boxed e-con e-parent\" data-id=\"e2acb88\" data-element_type=\"container\" data-e-type=\"container\">\n\t\t\t\t\t<div class=\"e-con-inner\">\n\t\t<div class=\"elementor-element elementor-element-efe2f5c e-con-full e-flex e-con e-child\" data-id=\"efe2f5c\" data-element_type=\"container\" data-e-type=\"container\">\n\t\t\t\t<div class=\"elementor-element elementor-element-cab7219 elementor-widget elementor-widget-heading\" data-id=\"cab7219\" data-element_type=\"widget\" data-e-type=\"widget\" data-widget_type=\"heading.default\">\n\t\t\t\t\t<h2 class=\"elementor-heading-title elementor-size-default\">Carta, tapes i cafeteria oberta tot el dia<\/h2>\t\t\t\t<\/div>\n\t\t\t\t<div class=\"elementor-element elementor-element-947063b elementor-widget elementor-widget-text-editor\" data-id=\"947063b\" data-element_type=\"widget\" data-e-type=\"widget\" data-widget_type=\"text-editor.default\">\n\t\t\t\t\t\t\t\t\t<p>A m\u00e9s del men\u00fa diari, disposem d&#8217;una carta variada amb entrants, carns a la brasa, peixos a la planxa i una selecci\u00f3 de tapes acabades de fer. Una proposta flexible ideal per compartir amb amics, gaudir en parella o en fam\u00edlia, sempre en un entorn acollidor i proper.<\/p><p>El <strong>Restaurant La Barretina<\/strong> compta tamb\u00e9 amb una cafeteria oberta durant tota la jornada, on podreu comen\u00e7ar el dia amb un bon esmorzar, gaudir d&#8217;un caf\u00e8 a mitja tarda o relaxar-vos amb una cervesa, un refresc o una copa. Tamb\u00e9 oferim entrepans i pastes per a qualsevol moment del dia.<\/p>\t\t\t\t\t\t\t\t<\/div>\n\t\t\t\t<\/div>\n\t\t<div class=\"elementor-element elementor-element-17a291e e-con-full e-flex e-con e-child\" data-id=\"17a291e\" data-element_type=\"container\" data-e-type=\"container\">\n\t\t\t\t<div class=\"elementor-element elementor-element-a2e57d2 elementor-widget elementor-widget-image\" data-id=\"a2e57d2\" data-element_type=\"widget\" data-e-type=\"widget\" data-widget_type=\"image.default\">\n\t\t\t\t\t\t\t\t\t\t\t\t\t\t\t<img decoding=\"async\" width=\"1000\" height=\"850\" src=\"https:\/\/hostallabarretina.com\/wp-content\/uploads\/2025\/09\/barretina-8.jpg\" class=\"attachment-large size-large wp-image-597\" alt=\"Restaurante en FIgueres - La Barretina\" srcset=\"https:\/\/hostallabarretina.com\/wp-content\/uploads\/2025\/09\/barretina-8.jpg 1000w, https:\/\/hostallabarretina.com\/wp-content\/uploads\/2025\/09\/barretina-8-768x653.jpg 768w\" sizes=\"(max-width: 1000px) 100vw, 1000px\" \/>\t\t\t\t\t\t\t\t\t\t\t\t\t\t\t<\/div>\n\t\t\t\t<\/div>\n\t\t\t\t\t<\/div>\n\t\t\t\t<\/div>\n\t\t<div class=\"elementor-element elementor-element-ae6bb4d e-flex e-con-boxed e-con e-parent\" data-id=\"ae6bb4d\" data-element_type=\"container\" data-e-type=\"container\" data-settings=\"{&quot;background_background&quot;:&quot;classic&quot;}\">\n\t\t\t\t\t<div class=\"e-con-inner\">\n\t\t<div class=\"elementor-element elementor-element-1f4c7bb e-con-full e-flex e-con e-child\" data-id=\"1f4c7bb\" data-element_type=\"container\" data-e-type=\"container\">\n\t\t\t\t<div class=\"elementor-element elementor-element-01db66d elementor-widget elementor-widget-heading\" data-id=\"01db66d\" data-element_type=\"widget\" data-e-type=\"widget\" data-widget_type=\"heading.default\">\n\t\t\t\t\t<h3 class=\"elementor-heading-title elementor-size-default\">Un restaurant a Figueres amb tradici\u00f3 i proximitat<\/h3>\t\t\t\t<\/div>\n\t\t\t\t<div class=\"elementor-element elementor-element-08090bd elementor-widget elementor-widget-text-editor\" data-id=\"08090bd\" data-element_type=\"widget\" data-e-type=\"widget\" data-widget_type=\"text-editor.default\">\n\t\t\t\t\t\t\t\t\t<p>M\u00e9s enll\u00e0 del menjar, all\u00f2 que realment ens distingeix \u00e9s el tracte familiar. Des de fa m\u00e9s de 30 anys ens esforcem a fer sentir cada client com a casa, oferint un servei proper i una atenci\u00f3 de qualitat.<\/p><p>Vine a descobrir perqu\u00e8 La Barretina \u00e9s un <strong>restaurant a Figueres<\/strong> de refer\u00e8ncia i deixa&#8217;t conquerir per l&#8217;aut\u00e8ntica cuina catalana de l&#8217;<a href=\"https:\/\/costa-brava.cat\/l-alt-emporda\/\" target=\"_blank\" rel=\"noopener\">Alt Empord\u00e0<\/a>, a Girona.<\/p>\t\t\t\t\t\t\t\t<\/div>\n\t\t\t\t<div class=\"elementor-element elementor-element-247b175 elementor-mobile-align-center elementor-widget elementor-widget-button\" data-id=\"247b175\" data-element_type=\"widget\" data-e-type=\"widget\" data-widget_type=\"button.default\">\n\t\t\t\t\t\t\t\t\t\t<a class=\"elementor-button elementor-button-link elementor-size-sm\" href=\"https:\/\/hostallabarretina.com\/ca\/qui-som\/\">\n\t\t\t\t\t\t<span class=\"elementor-button-content-wrapper\">\n\t\t\t\t\t\t\t\t\t<span class=\"elementor-button-text\">Sobre nosaltres<\/span>\n\t\t\t\t\t<\/span>\n\t\t\t\t\t<\/a>\n\t\t\t\t\t\t\t\t<\/div>\n\t\t\t\t<\/div>\n\t\t<div class=\"elementor-element elementor-element-9bb5821 e-con-full e-flex e-con e-child\" data-id=\"9bb5821\" data-element_type=\"container\" data-e-type=\"container\">\n\t\t\t\t<div class=\"elementor-element elementor-element-7a2c153 elementor-widget elementor-widget-image\" data-id=\"7a2c153\" data-element_type=\"widget\" data-e-type=\"widget\" data-widget_type=\"image.default\">\n\t\t\t\t\t\t\t\t\t\t\t\t\t\t\t<img decoding=\"async\" width=\"1000\" height=\"850\" src=\"https:\/\/hostallabarretina.com\/wp-content\/uploads\/2025\/09\/barretina-6.jpg\" class=\"attachment-large size-large wp-image-485\" alt=\"Un restaurante en Figueres con tradici\u00f3n y cercan\u00eda\" srcset=\"https:\/\/hostallabarretina.com\/wp-content\/uploads\/2025\/09\/barretina-6.jpg 1000w, https:\/\/hostallabarretina.com\/wp-content\/uploads\/2025\/09\/barretina-6-768x653.jpg 768w\" sizes=\"(max-width: 1000px) 100vw, 1000px\" \/>\t\t\t\t\t\t\t\t\t\t\t\t\t\t\t<\/div>\n\t\t\t\t<\/div>\n\t\t\t\t\t<\/div>\n\t\t\t\t<\/div>\n\t\t\t\t<\/div>\n\t\t","protected":false},"excerpt":{"rendered":"<p>Restaurant a Figueres La Barretina Si cerques un restaurant a Figueres on gaudir de l&#8217;aut\u00e8ntica cuina catalana en un ambient [&hellip;]<\/p>\n","protected":false},"author":1,"featured_media":0,"parent":0,"menu_order":0,"comment_status":"closed","ping_status":"closed","template":"","meta":{"site-sidebar-layout":"no-sidebar","site-content-layout":"","ast-site-content-layout":"full-width-container","site-content-style":"default","site-sidebar-style":"default","ast-global-header-display":"","ast-banner-title-visibility":"","ast-main-header-display":"","ast-hfb-above-header-display":"","ast-hfb-below-header-display":"","ast-hfb-mobile-header-display":"","site-post-title":"disabled","ast-breadcrumbs-content":"","ast-featured-img":"disabled","footer-sml-layout":"","ast-disable-related-posts":"","theme-transparent-header-meta":"default","adv-header-id-meta":"","stick-header-meta":"default","header-above-stick-meta":"","header-main-stick-meta":"","header-below-stick-meta":"","astra-migrate-meta-layouts":"default","ast-page-background-enabled":"default","ast-page-background-meta":{"desktop":{"background-color":"var(--ast-global-color-5)","background-image":"","background-repeat":"repeat","background-position":"center center","background-size":"auto","background-attachment":"scroll","background-type":"","background-media":"","overlay-type":"","overlay-color":"","overlay-opacity":"","overlay-gradient":""},"tablet":{"background-color":"","background-image":"","background-repeat":"repeat","background-position":"center center","background-size":"auto","background-attachment":"scroll","background-type":"","background-media":"","overlay-type":"","overlay-color":"","overlay-opacity":"","overlay-gradient":""},"mobile":{"background-color":"","background-image":"","background-repeat":"repeat","background-position":"center center","background-size":"auto","background-attachment":"scroll","background-type":"","background-media":"","overlay-type":"","overlay-color":"","overlay-opacity":"","overlay-gradient":""}},"ast-content-background-meta":{"desktop":{"background-color":"var(--ast-global-color-4)","background-image":"","background-repeat":"repeat","background-position":"center center","background-size":"auto","background-attachment":"scroll","background-type":"","background-media":"","overlay-type":"","overlay-color":"","overlay-opacity":"","overlay-gradient":""},"tablet":{"background-color":"var(--ast-global-color-4)","background-image":"","background-repeat":"repeat","background-position":"center center","background-size":"auto","background-attachment":"scroll","background-type":"","background-media":"","overlay-type":"","overlay-color":"","overlay-opacity":"","overlay-gradient":""},"mobile":{"background-color":"var(--ast-global-color-4)","background-image":"","background-repeat":"repeat","background-position":"center center","background-size":"auto","background-attachment":"scroll","background-type":"","background-media":"","overlay-type":"","overlay-color":"","overlay-opacity":"","overlay-gradient":""}},"footnotes":""},"class_list":["post-700","page","type-page","status-publish","hentry"],"yoast_head":"<!-- This site is optimized with the Yoast SEO plugin v27.0 - https:\/\/yoast.com\/product\/yoast-seo-wordpress\/ -->\n<title>La Barretina, Restaurant a Figueres - Girona<\/title>\n<meta name=\"description\" content=\"Restaurant a Figueres, Girona, on gaudir de l&#039;aut\u00e8ntica cuina catalana, el Restaurant La Barretina \u00e9s la teva millor elecci\u00f3.\" \/>\n<meta name=\"robots\" content=\"index, follow, max-snippet:-1, max-image-preview:large, max-video-preview:-1\" \/>\n<link rel=\"canonical\" href=\"https:\/\/hostallabarretina.com\/ca\/restaurant-a-figueres\/\" \/>\n<meta property=\"og:locale\" content=\"ca_ES\" \/>\n<meta property=\"og:type\" content=\"article\" \/>\n<meta property=\"og:title\" content=\"La Barretina, Restaurant a Figueres - Girona\" \/>\n<meta property=\"og:description\" content=\"Restaurant a Figueres, Girona, on gaudir de l&#039;aut\u00e8ntica cuina catalana, el Restaurant La Barretina \u00e9s la teva millor elecci\u00f3.\" \/>\n<meta property=\"og:url\" content=\"https:\/\/hostallabarretina.com\/ca\/restaurant-a-figueres\/\" \/>\n<meta property=\"og:site_name\" content=\"Hostal la Barretina Figueres\" \/>\n<meta property=\"article:modified_time\" content=\"2025-09-10T14:44:52+00:00\" \/>\n<meta property=\"og:image\" content=\"https:\/\/hostallabarretina.com\/wp-content\/uploads\/2025\/09\/barretina-5.jpg\" \/>\n\t<meta property=\"og:image:width\" content=\"1000\" \/>\n\t<meta property=\"og:image:height\" content=\"850\" \/>\n\t<meta property=\"og:image:type\" content=\"image\/jpeg\" \/>\n<meta name=\"twitter:card\" content=\"summary_large_image\" \/>\n<meta name=\"twitter:label1\" content=\"Temps estimat de lectura\" \/>\n\t<meta name=\"twitter:data1\" content=\"2 minuts\" \/>\n<script type=\"application\/ld+json\" class=\"yoast-schema-graph\">{\"@context\":\"https:\/\/schema.org\",\"@graph\":[{\"@type\":\"WebPage\",\"@id\":\"https:\/\/hostallabarretina.com\/ca\/restaurant-a-figueres\/\",\"url\":\"https:\/\/hostallabarretina.com\/ca\/restaurant-a-figueres\/\",\"name\":\"La Barretina, Restaurant a Figueres - Girona\",\"isPartOf\":{\"@id\":\"https:\/\/hostallabarretina.com\/#website\"},\"primaryImageOfPage\":{\"@id\":\"https:\/\/hostallabarretina.com\/ca\/restaurant-a-figueres\/#primaryimage\"},\"image\":{\"@id\":\"https:\/\/hostallabarretina.com\/ca\/restaurant-a-figueres\/#primaryimage\"},\"thumbnailUrl\":\"https:\/\/hostallabarretina.com\/wp-content\/uploads\/2025\/09\/barretina-5.jpg\",\"datePublished\":\"2025-08-21T10:47:23+00:00\",\"dateModified\":\"2025-09-10T14:44:52+00:00\",\"description\":\"Restaurant a Figueres, Girona, on gaudir de l'aut\u00e8ntica cuina catalana, el Restaurant La Barretina \u00e9s la teva millor elecci\u00f3.\",\"breadcrumb\":{\"@id\":\"https:\/\/hostallabarretina.com\/ca\/restaurant-a-figueres\/#breadcrumb\"},\"inLanguage\":\"ca\",\"potentialAction\":[{\"@type\":\"ReadAction\",\"target\":[\"https:\/\/hostallabarretina.com\/ca\/restaurant-a-figueres\/\"]}]},{\"@type\":\"ImageObject\",\"inLanguage\":\"ca\",\"@id\":\"https:\/\/hostallabarretina.com\/ca\/restaurant-a-figueres\/#primaryimage\",\"url\":\"https:\/\/hostallabarretina.com\/wp-content\/uploads\/2025\/09\/barretina-5.jpg\",\"contentUrl\":\"https:\/\/hostallabarretina.com\/wp-content\/uploads\/2025\/09\/barretina-5.jpg\"},{\"@type\":\"BreadcrumbList\",\"@id\":\"https:\/\/hostallabarretina.com\/ca\/restaurant-a-figueres\/#breadcrumb\",\"itemListElement\":[{\"@type\":\"ListItem\",\"position\":1,\"name\":\"Portada\",\"item\":\"https:\/\/hostallabarretina.com\/\"},{\"@type\":\"ListItem\",\"position\":2,\"name\":\"El Restaurant\"}]},{\"@type\":\"WebSite\",\"@id\":\"https:\/\/hostallabarretina.com\/#website\",\"url\":\"https:\/\/hostallabarretina.com\/\",\"name\":\"Hostal la Barretina Figueres\",\"description\":\"Hostal Restaurante La Barretina en Figueres, habitaciones acogedoras y cocina catalana tradicional.\",\"publisher\":{\"@id\":\"https:\/\/hostallabarretina.com\/#organization\"},\"potentialAction\":[{\"@type\":\"SearchAction\",\"target\":{\"@type\":\"EntryPoint\",\"urlTemplate\":\"https:\/\/hostallabarretina.com\/?s={search_term_string}\"},\"query-input\":{\"@type\":\"PropertyValueSpecification\",\"valueRequired\":true,\"valueName\":\"search_term_string\"}}],\"inLanguage\":\"ca\"},{\"@type\":\"Organization\",\"@id\":\"https:\/\/hostallabarretina.com\/#organization\",\"name\":\"Hostal la Barretina Figueres\",\"url\":\"https:\/\/hostallabarretina.com\/\",\"logo\":{\"@type\":\"ImageObject\",\"inLanguage\":\"ca\",\"@id\":\"https:\/\/hostallabarretina.com\/#\/schema\/logo\/image\/\",\"url\":\"https:\/\/hostallabarretina.com\/wp-content\/uploads\/2025\/08\/logo.png\",\"contentUrl\":\"https:\/\/hostallabarretina.com\/wp-content\/uploads\/2025\/08\/logo.png\",\"width\":219,\"height\":89,\"caption\":\"Hostal la Barretina Figueres\"},\"image\":{\"@id\":\"https:\/\/hostallabarretina.com\/#\/schema\/logo\/image\/\"}}]}<\/script>\n<!-- \/ Yoast SEO plugin. -->","yoast_head_json":{"title":"La Barretina, Restaurant a Figueres - Girona","description":"Restaurant a Figueres, Girona, on gaudir de l'aut\u00e8ntica cuina catalana, el Restaurant La Barretina \u00e9s la teva millor elecci\u00f3.","robots":{"index":"index","follow":"follow","max-snippet":"max-snippet:-1","max-image-preview":"max-image-preview:large","max-video-preview":"max-video-preview:-1"},"canonical":"https:\/\/hostallabarretina.com\/ca\/restaurant-a-figueres\/","og_locale":"ca_ES","og_type":"article","og_title":"La Barretina, Restaurant a Figueres - Girona","og_description":"Restaurant a Figueres, Girona, on gaudir de l'aut\u00e8ntica cuina catalana, el Restaurant La Barretina \u00e9s la teva millor elecci\u00f3.","og_url":"https:\/\/hostallabarretina.com\/ca\/restaurant-a-figueres\/","og_site_name":"Hostal la Barretina Figueres","article_modified_time":"2025-09-10T14:44:52+00:00","og_image":[{"width":1000,"height":850,"url":"https:\/\/hostallabarretina.com\/wp-content\/uploads\/2025\/09\/barretina-5.jpg","type":"image\/jpeg"}],"twitter_card":"summary_large_image","twitter_misc":{"Temps estimat de lectura":"2 minuts"},"schema":{"@context":"https:\/\/schema.org","@graph":[{"@type":"WebPage","@id":"https:\/\/hostallabarretina.com\/ca\/restaurant-a-figueres\/","url":"https:\/\/hostallabarretina.com\/ca\/restaurant-a-figueres\/","name":"La Barretina, Restaurant a Figueres - Girona","isPartOf":{"@id":"https:\/\/hostallabarretina.com\/#website"},"primaryImageOfPage":{"@id":"https:\/\/hostallabarretina.com\/ca\/restaurant-a-figueres\/#primaryimage"},"image":{"@id":"https:\/\/hostallabarretina.com\/ca\/restaurant-a-figueres\/#primaryimage"},"thumbnailUrl":"https:\/\/hostallabarretina.com\/wp-content\/uploads\/2025\/09\/barretina-5.jpg","datePublished":"2025-08-21T10:47:23+00:00","dateModified":"2025-09-10T14:44:52+00:00","description":"Restaurant a Figueres, Girona, on gaudir de l'aut\u00e8ntica cuina catalana, el Restaurant La Barretina \u00e9s la teva millor elecci\u00f3.","breadcrumb":{"@id":"https:\/\/hostallabarretina.com\/ca\/restaurant-a-figueres\/#breadcrumb"},"inLanguage":"ca","potentialAction":[{"@type":"ReadAction","target":["https:\/\/hostallabarretina.com\/ca\/restaurant-a-figueres\/"]}]},{"@type":"ImageObject","inLanguage":"ca","@id":"https:\/\/hostallabarretina.com\/ca\/restaurant-a-figueres\/#primaryimage","url":"https:\/\/hostallabarretina.com\/wp-content\/uploads\/2025\/09\/barretina-5.jpg","contentUrl":"https:\/\/hostallabarretina.com\/wp-content\/uploads\/2025\/09\/barretina-5.jpg"},{"@type":"BreadcrumbList","@id":"https:\/\/hostallabarretina.com\/ca\/restaurant-a-figueres\/#breadcrumb","itemListElement":[{"@type":"ListItem","position":1,"name":"Portada","item":"https:\/\/hostallabarretina.com\/"},{"@type":"ListItem","position":2,"name":"El Restaurant"}]},{"@type":"WebSite","@id":"https:\/\/hostallabarretina.com\/#website","url":"https:\/\/hostallabarretina.com\/","name":"Hostal la Barretina Figueres","description":"Hostal Restaurante La Barretina en Figueres, habitaciones acogedoras y cocina catalana tradicional.","publisher":{"@id":"https:\/\/hostallabarretina.com\/#organization"},"potentialAction":[{"@type":"SearchAction","target":{"@type":"EntryPoint","urlTemplate":"https:\/\/hostallabarretina.com\/?s={search_term_string}"},"query-input":{"@type":"PropertyValueSpecification","valueRequired":true,"valueName":"search_term_string"}}],"inLanguage":"ca"},{"@type":"Organization","@id":"https:\/\/hostallabarretina.com\/#organization","name":"Hostal la Barretina Figueres","url":"https:\/\/hostallabarretina.com\/","logo":{"@type":"ImageObject","inLanguage":"ca","@id":"https:\/\/hostallabarretina.com\/#\/schema\/logo\/image\/","url":"https:\/\/hostallabarretina.com\/wp-content\/uploads\/2025\/08\/logo.png","contentUrl":"https:\/\/hostallabarretina.com\/wp-content\/uploads\/2025\/08\/logo.png","width":219,"height":89,"caption":"Hostal la Barretina Figueres"},"image":{"@id":"https:\/\/hostallabarretina.com\/#\/schema\/logo\/image\/"}}]}},"_links":{"self":[{"href":"https:\/\/hostallabarretina.com\/ca\/wp-json\/wp\/v2\/pages\/700","targetHints":{"allow":["GET"]}}],"collection":[{"href":"https:\/\/hostallabarretina.com\/ca\/wp-json\/wp\/v2\/pages"}],"about":[{"href":"https:\/\/hostallabarretina.com\/ca\/wp-json\/wp\/v2\/types\/page"}],"author":[{"embeddable":true,"href":"https:\/\/hostallabarretina.com\/ca\/wp-json\/wp\/v2\/users\/1"}],"replies":[{"embeddable":true,"href":"https:\/\/hostallabarretina.com\/ca\/wp-json\/wp\/v2\/comments?post=700"}],"version-history":[{"count":2,"href":"https:\/\/hostallabarretina.com\/ca\/wp-json\/wp\/v2\/pages\/700\/revisions"}],"predecessor-version":[{"id":713,"href":"https:\/\/hostallabarretina.com\/ca\/wp-json\/wp\/v2\/pages\/700\/revisions\/713"}],"wp:attachment":[{"href":"https:\/\/hostallabarretina.com\/ca\/wp-json\/wp\/v2\/media?parent=700"}],"curies":[{"name":"wp","href":"https:\/\/api.w.org\/{rel}","templated":true}]}}