{"id":698,"date":"2025-08-21T12:47:13","date_gmt":"2025-08-21T10:47:13","guid":{"rendered":"https:\/\/hostallabarretina.com\/lhostal\/"},"modified":"2025-09-10T16:44:37","modified_gmt":"2025-09-10T14:44:37","slug":"hostal-a-figueres","status":"publish","type":"page","link":"https:\/\/hostallabarretina.com\/ca\/hostal-a-figueres\/","title":{"rendered":"L&#8217;Hostal"},"content":{"rendered":"\t\t<div data-elementor-type=\"wp-page\" data-elementor-id=\"698\" class=\"elementor elementor-698 elementor-11\">\n\t\t\t\t<div class=\"elementor-element elementor-element-c197288 e-flex e-con-boxed e-con e-parent\" data-id=\"c197288\" data-element_type=\"container\" data-e-type=\"container\" data-settings=\"{&quot;background_background&quot;:&quot;classic&quot;}\">\n\t\t\t\t\t<div class=\"e-con-inner\">\n\t\t\t\t<div class=\"elementor-element elementor-element-08b6eeb elementor-widget elementor-widget-heading\" data-id=\"08b6eeb\" data-element_type=\"widget\" data-e-type=\"widget\" data-widget_type=\"heading.default\">\n\t\t\t\t\t<h1 class=\"elementor-heading-title elementor-size-default\">Hostal a Figueres <em style=\"font-weight: 800\">La Barretina<\/em><\/h1>\t\t\t\t<\/div>\n\t\t\t\t<div class=\"elementor-element elementor-element-0fa8e2c elementor-widget elementor-widget-text-editor\" data-id=\"0fa8e2c\" data-element_type=\"widget\" data-e-type=\"widget\" data-widget_type=\"text-editor.default\">\n\t\t\t\t\t\t\t\t\t<p>Si busques un <strong>hostal a Figueres<\/strong> acollidor, c\u00e8ntric i amb un tracte proper, a <strong>La Barretina<\/strong> trobar\u00e0s el lloc perfecte per a la teva estada. Situat al cor de Figueres, a pocs metres del <strong>Museu Dal\u00ed <\/strong>i dels principals <strong>punts d&#8217;inter\u00e8s de l&#8217;Alt Empord\u00e0<\/strong>, el nostre hostal de dues estrelles combina comoditat, tradici\u00f3 i un <strong>ambient familiar <\/strong>que far\u00e0 que us sentiu com a casa.<\/p>\t\t\t\t\t\t\t\t<\/div>\n\t\t\t\t<div class=\"elementor-element elementor-element-199a57c elementor-widget elementor-widget-eael-breadcrumbs\" data-id=\"199a57c\" data-element_type=\"widget\" data-e-type=\"widget\" data-widget_type=\"eael-breadcrumbs.default\">\n\t\t\t\t<div class=\"elementor-widget-container\">\n\t\t\t\t\t\t\t<div class=\"eael-breadcrumbs\">\n\t\t\t<div class=\"eael-breadcrumbs__content\"><a href=\"https:\/\/hostallabarretina.com\/ca\/\">Inicio<\/a> <span class=\"eael-breadcrumb-separator\">\/<\/span> <span class = \"eael-current\">P\u00e0gina<\/span><\/div>\t\t<\/div>\n\t\t\t\t\t\t<\/div>\n\t\t\t\t<\/div>\n\t\t\t\t\t<\/div>\n\t\t\t\t<\/div>\n\t\t<div class=\"elementor-element elementor-element-93872bb e-flex e-con-boxed e-con e-parent\" data-id=\"93872bb\" data-element_type=\"container\" data-e-type=\"container\">\n\t\t\t\t\t<div class=\"e-con-inner\">\n\t\t<div class=\"elementor-element elementor-element-163b01e e-con-full e-flex e-con e-child\" data-id=\"163b01e\" data-element_type=\"container\" data-e-type=\"container\">\n\t\t\t\t<div class=\"elementor-element elementor-element-83d7d8d elementor-widget elementor-widget-image\" data-id=\"83d7d8d\" data-element_type=\"widget\" data-e-type=\"widget\" data-widget_type=\"image.default\">\n\t\t\t\t\t\t\t\t\t\t\t\t\t\t\t<img fetchpriority=\"high\" decoding=\"async\" width=\"800\" height=\"1000\" src=\"https:\/\/hostallabarretina.com\/wp-content\/uploads\/2025\/08\/box-1.jpg\" class=\"attachment-large size-large wp-image-117\" alt=\"habitaciones en el centro de Figueres\" srcset=\"https:\/\/hostallabarretina.com\/wp-content\/uploads\/2025\/08\/box-1.jpg 800w, https:\/\/hostallabarretina.com\/wp-content\/uploads\/2025\/08\/box-1-768x960.jpg 768w\" sizes=\"(max-width: 800px) 100vw, 800px\" \/>\t\t\t\t\t\t\t\t\t\t\t\t\t\t\t<\/div>\n\t\t\t\t<\/div>\n\t\t<div class=\"elementor-element elementor-element-9c44ebe e-con-full e-flex e-con e-child\" data-id=\"9c44ebe\" data-element_type=\"container\" data-e-type=\"container\">\n\t\t\t\t<div class=\"elementor-element elementor-element-18b2f49 elementor-widget elementor-widget-heading\" data-id=\"18b2f49\" data-element_type=\"widget\" data-e-type=\"widget\" data-widget_type=\"heading.default\">\n\t\t\t\t\t<h2 class=\"elementor-heading-title elementor-size-default\">Habitacions al centre de Figueres<\/h2>\t\t\t\t<\/div>\n\t\t\t\t<div class=\"elementor-element elementor-element-6916074 elementor-widget elementor-widget-text-editor\" data-id=\"6916074\" data-element_type=\"widget\" data-e-type=\"widget\" data-widget_type=\"text-editor.default\">\n\t\t\t\t\t\t\t\t\t<p>Al nostre <strong>hostal a Figueres<\/strong> disposem de 16 habitacions totalment reformades, equipades amb bany privat, aire condicionat, calefacci\u00f3, televisi\u00f3 i wifi gratu\u00eft. Garantim una estada tranquil\u00b7la i confortable al centre de la ciutat. <\/p><p><strong>Habitaci\u00f3 individual:<\/strong> Perfecta per a viatgers de treball o estades curtes. Espais pr\u00e0ctics amb totes les comoditats necess\u00e0ries: wifi, TV, aire condicionat i neteja di\u00e0ria.<\/p><p><strong>Habitaci\u00f3 doble: <\/strong>La millor opci\u00f3 per a parelles o amics que volen gaudir d&#8217;una escapada a Figueres. Habitacions c\u00f2modes, funcionals i amb una ubicaci\u00f3 excel\u00b7lent per descobrir la ciutat a peu.<\/p><p><strong>Habitaci\u00f3 triple: <\/strong>Pensada per a fam\u00edlies o grups petits, les nostres habitacions triples s\u00f3n \u00e0mplies, lluminoses i totalment equipades, oferint el confort necessari per descansar despr\u00e9s d&#8217;un dia de visites i activitats.<\/p>\t\t\t\t\t\t\t\t<\/div>\n\t\t\t\t<div class=\"elementor-element elementor-element-5cb8a8f elementor-mobile-align-center elementor-widget elementor-widget-button\" data-id=\"5cb8a8f\" data-element_type=\"widget\" data-e-type=\"widget\" data-widget_type=\"button.default\">\n\t\t\t\t\t\t\t\t\t\t<a class=\"elementor-button elementor-button-link elementor-size-sm\" href=\"https:\/\/hostallabarretina.com\/ca\/contacte\/\">\n\t\t\t\t\t\t<span class=\"elementor-button-content-wrapper\">\n\t\t\t\t\t\t\t\t\t<span class=\"elementor-button-text\">Truca i reserva la teva habitaci\u00f3<\/span>\n\t\t\t\t\t<\/span>\n\t\t\t\t\t<\/a>\n\t\t\t\t\t\t\t\t<\/div>\n\t\t\t\t<\/div>\n\t\t\t\t\t<\/div>\n\t\t\t\t<\/div>\n\t\t<div class=\"elementor-element elementor-element-4f6a853 e-flex e-con-boxed e-con e-parent\" data-id=\"4f6a853\" data-element_type=\"container\" data-e-type=\"container\">\n\t\t\t\t\t<div class=\"e-con-inner\">\n\t\t<div class=\"elementor-element elementor-element-d1af44c e-con-full e-flex e-con e-child\" data-id=\"d1af44c\" data-element_type=\"container\" data-e-type=\"container\">\n\t\t\t\t<div class=\"elementor-element elementor-element-e3fd440 elementor-widget elementor-widget-image\" data-id=\"e3fd440\" data-element_type=\"widget\" data-e-type=\"widget\" data-widget_type=\"image.default\">\n\t\t\t\t\t\t\t\t\t\t\t\t\t\t\t<img decoding=\"async\" width=\"800\" height=\"600\" src=\"https:\/\/hostallabarretina.com\/wp-content\/uploads\/2025\/08\/dali-1.jpg\" class=\"attachment-large size-large wp-image-243\" alt=\"Casa-Museu Salvador Dal\u00ed\" srcset=\"https:\/\/hostallabarretina.com\/wp-content\/uploads\/2025\/08\/dali-1.jpg 800w, https:\/\/hostallabarretina.com\/wp-content\/uploads\/2025\/08\/dali-1-768x576.jpg 768w\" sizes=\"(max-width: 800px) 100vw, 800px\" \/>\t\t\t\t\t\t\t\t\t\t\t\t\t\t\t<\/div>\n\t\t\t\t<\/div>\n\t\t<div class=\"elementor-element elementor-element-996e9f6 e-con-full e-flex e-con e-child\" data-id=\"996e9f6\" data-element_type=\"container\" data-e-type=\"container\">\n\t\t\t\t<div class=\"elementor-element elementor-element-ef95e2f elementor-widget elementor-widget-heading\" data-id=\"ef95e2f\" data-element_type=\"widget\" data-e-type=\"widget\" data-widget_type=\"heading.default\">\n\t\t\t\t\t<h2 class=\"elementor-heading-title elementor-size-default\">Ubicaci\u00f3 privilegiada<\/h2>\t\t\t\t<\/div>\n\t\t\t\t<div class=\"elementor-element elementor-element-81912db elementor-widget elementor-widget-text-editor\" data-id=\"81912db\" data-element_type=\"widget\" data-e-type=\"widget\" data-widget_type=\"text-editor.default\">\n\t\t\t\t\t\t\t\t\t<p>Allotjar-se a l&#8217;<strong>Hostal La Barretina<\/strong> vol dir estar al centre de Figueres, a nom\u00e9s 200 metres del Museu Dal\u00ed i a 10 minuts caminant de l&#8217;estaci\u00f3 de tren. Tamb\u00e9 podreu visitar llocs emblem\u00e0tics com el <a href=\"https:\/\/costa-brava.cat\/figueres-el-castell-de-sant-ferran\/\" target=\"_blank\" rel=\"noopener\">Castell de Sant Ferran<\/a>, l&#8217;Esgl\u00e9sia de Sant Pere o gaudir de la natura al proper Parc Bosc.<\/p><p>A m\u00e9s, la nostra proximitat a la <strong>Costa Brava<\/strong> et permetr\u00e0 arribar a les platges d&#8217;Empuriabrava en nom\u00e9s 15 minuts amb cotxe.<\/p>\t\t\t\t\t\t\t\t<\/div>\n\t\t\t\t<div class=\"elementor-element elementor-element-16b7cf6 elementor-mobile-align-center elementor-widget elementor-widget-button\" data-id=\"16b7cf6\" data-element_type=\"widget\" data-e-type=\"widget\" data-widget_type=\"button.default\">\n\t\t\t\t\t\t\t\t\t\t<a class=\"elementor-button elementor-button-link elementor-size-sm\" href=\"https:\/\/hostallabarretina.com\/ca\/contacte\/\">\n\t\t\t\t\t\t<span class=\"elementor-button-content-wrapper\">\n\t\t\t\t\t\t\t\t\t<span class=\"elementor-button-text\">Calcula la teva ruta<\/span>\n\t\t\t\t\t<\/span>\n\t\t\t\t\t<\/a>\n\t\t\t\t\t\t\t\t<\/div>\n\t\t\t\t<\/div>\n\t\t\t\t\t<\/div>\n\t\t\t\t<\/div>\n\t\t<div class=\"elementor-element elementor-element-846f130 e-flex e-con-boxed e-con e-parent\" data-id=\"846f130\" data-element_type=\"container\" data-e-type=\"container\" data-settings=\"{&quot;background_background&quot;:&quot;classic&quot;}\">\n\t\t\t\t\t<div class=\"e-con-inner\">\n\t\t<div class=\"elementor-element elementor-element-d9be036 e-con-full e-flex e-con e-child\" data-id=\"d9be036\" data-element_type=\"container\" data-e-type=\"container\">\n\t\t\t\t<div class=\"elementor-element elementor-element-5006ef3 elementor-widget elementor-widget-heading\" data-id=\"5006ef3\" data-element_type=\"widget\" data-e-type=\"widget\" data-widget_type=\"heading.default\">\n\t\t\t\t\t<h3 class=\"elementor-heading-title elementor-size-default\">Un hostal a Figueres amb tracte familiar<\/h3>\t\t\t\t<\/div>\n\t\t\t\t<div class=\"elementor-element elementor-element-433e6fb elementor-widget elementor-widget-text-editor\" data-id=\"433e6fb\" data-element_type=\"widget\" data-e-type=\"widget\" data-widget_type=\"text-editor.default\">\n\t\t\t\t\t\t\t\t\t<p>Des del 1993 oferim allotjament a viatgers de tot el m\u00f3n que volen gaudir de Figueres, Girona, ja sigui per turisme, negocis o escapades de cap de setmana. <\/p><p>El que ens diferencia no s\u00f3n nom\u00e9s les nostres instal\u00b7lacions, sin\u00f3 el tracte proper i acollidor que oferim. A <strong>La Barretina<\/strong> cuidem cada detall perqu\u00e8 la teva estada sigui c\u00f2moda, agradable i plena de moments especials. Descobreix l&#8217;encant del nostre hostal a Figueres i reserva la teva habitaci\u00f3 avui mateix.<\/p>\t\t\t\t\t\t\t\t<\/div>\n\t\t\t\t<\/div>\n\t\t<div class=\"elementor-element elementor-element-14b617f e-con-full e-flex e-con e-child\" data-id=\"14b617f\" data-element_type=\"container\" data-e-type=\"container\">\n\t\t\t\t<div class=\"elementor-element elementor-element-41254c3 elementor-widget elementor-widget-image\" data-id=\"41254c3\" data-element_type=\"widget\" data-e-type=\"widget\" data-widget_type=\"image.default\">\n\t\t\t\t\t\t\t\t\t\t\t\t\t\t\t<img decoding=\"async\" width=\"1600\" height=\"1067\" src=\"https:\/\/hostallabarretina.com\/wp-content\/uploads\/2025\/08\/barretina-1.jpg\" class=\"attachment-large size-large wp-image-53\" alt=\"Hostal la barretina Figueres\" srcset=\"https:\/\/hostallabarretina.com\/wp-content\/uploads\/2025\/08\/barretina-1.jpg 1600w, https:\/\/hostallabarretina.com\/wp-content\/uploads\/2025\/08\/barretina-1-768x512.jpg 768w, https:\/\/hostallabarretina.com\/wp-content\/uploads\/2025\/08\/barretina-1-1536x1024.jpg 1536w\" sizes=\"(max-width: 1600px) 100vw, 1600px\" \/>\t\t\t\t\t\t\t\t\t\t\t\t\t\t\t<\/div>\n\t\t\t\t<\/div>\n\t\t\t\t\t<\/div>\n\t\t\t\t<\/div>\n\t\t\t\t<\/div>\n\t\t","protected":false},"excerpt":{"rendered":"<p>Hostal a Figueres La Barretina Si busques un hostal a Figueres acollidor, c\u00e8ntric i amb un tracte proper, a La [&hellip;]<\/p>\n","protected":false},"author":1,"featured_media":0,"parent":0,"menu_order":0,"comment_status":"closed","ping_status":"closed","template":"","meta":{"site-sidebar-layout":"no-sidebar","site-content-layout":"","ast-site-content-layout":"full-width-container","site-content-style":"default","site-sidebar-style":"default","ast-global-header-display":"","ast-banner-title-visibility":"","ast-main-header-display":"","ast-hfb-above-header-display":"","ast-hfb-below-header-display":"","ast-hfb-mobile-header-display":"","site-post-title":"disabled","ast-breadcrumbs-content":"","ast-featured-img":"disabled","footer-sml-layout":"","ast-disable-related-posts":"","theme-transparent-header-meta":"default","adv-header-id-meta":"","stick-header-meta":"default","header-above-stick-meta":"","header-main-stick-meta":"","header-below-stick-meta":"","astra-migrate-meta-layouts":"default","ast-page-background-enabled":"default","ast-page-background-meta":{"desktop":{"background-color":"var(--ast-global-color-5)","background-image":"","background-repeat":"repeat","background-position":"center center","background-size":"auto","background-attachment":"scroll","background-type":"","background-media":"","overlay-type":"","overlay-color":"","overlay-opacity":"","overlay-gradient":""},"tablet":{"background-color":"","background-image":"","background-repeat":"repeat","background-position":"center center","background-size":"auto","background-attachment":"scroll","background-type":"","background-media":"","overlay-type":"","overlay-color":"","overlay-opacity":"","overlay-gradient":""},"mobile":{"background-color":"","background-image":"","background-repeat":"repeat","background-position":"center center","background-size":"auto","background-attachment":"scroll","background-type":"","background-media":"","overlay-type":"","overlay-color":"","overlay-opacity":"","overlay-gradient":""}},"ast-content-background-meta":{"desktop":{"background-color":"var(--ast-global-color-4)","background-image":"","background-repeat":"repeat","background-position":"center center","background-size":"auto","background-attachment":"scroll","background-type":"","background-media":"","overlay-type":"","overlay-color":"","overlay-opacity":"","overlay-gradient":""},"tablet":{"background-color":"var(--ast-global-color-4)","background-image":"","background-repeat":"repeat","background-position":"center center","background-size":"auto","background-attachment":"scroll","background-type":"","background-media":"","overlay-type":"","overlay-color":"","overlay-opacity":"","overlay-gradient":""},"mobile":{"background-color":"var(--ast-global-color-4)","background-image":"","background-repeat":"repeat","background-position":"center center","background-size":"auto","background-attachment":"scroll","background-type":"","background-media":"","overlay-type":"","overlay-color":"","overlay-opacity":"","overlay-gradient":""}},"footnotes":""},"class_list":["post-698","page","type-page","status-publish","hentry"],"yoast_head":"<!-- This site is optimized with the Yoast SEO plugin v27.0 - https:\/\/yoast.com\/product\/yoast-seo-wordpress\/ -->\n<title>L&#039;Hostal - Hostal la Barretina Figueres<\/title>\n<meta name=\"description\" content=\"Si busques un hostal a Figueres acollidor, c\u00e8ntric i amb un tracte proper, a La Barretina trobar\u00e0s el lloc perfecte per a la teva estada.\" \/>\n<meta name=\"robots\" content=\"index, follow, max-snippet:-1, max-image-preview:large, max-video-preview:-1\" \/>\n<link rel=\"canonical\" href=\"https:\/\/hostallabarretina.com\/ca\/hostal-a-figueres\/\" \/>\n<meta property=\"og:locale\" content=\"ca_ES\" \/>\n<meta property=\"og:type\" content=\"article\" \/>\n<meta property=\"og:title\" content=\"L&#039;Hostal - Hostal la Barretina Figueres\" \/>\n<meta property=\"og:description\" content=\"Si busques un hostal a Figueres acollidor, c\u00e8ntric i amb un tracte proper, a La Barretina trobar\u00e0s el lloc perfecte per a la teva estada.\" \/>\n<meta property=\"og:url\" content=\"https:\/\/hostallabarretina.com\/ca\/hostal-a-figueres\/\" \/>\n<meta property=\"og:site_name\" content=\"Hostal la Barretina Figueres\" \/>\n<meta property=\"article:modified_time\" content=\"2025-09-10T14:44:37+00:00\" \/>\n<meta property=\"og:image\" content=\"https:\/\/hostallabarretina.com\/wp-content\/uploads\/2025\/08\/box-1.jpg\" \/>\n\t<meta property=\"og:image:width\" content=\"800\" \/>\n\t<meta property=\"og:image:height\" content=\"1000\" \/>\n\t<meta property=\"og:image:type\" content=\"image\/jpeg\" \/>\n<meta name=\"twitter:card\" content=\"summary_large_image\" \/>\n<meta name=\"twitter:label1\" content=\"Temps estimat de lectura\" \/>\n\t<meta name=\"twitter:data1\" content=\"2 minuts\" \/>\n<script type=\"application\/ld+json\" class=\"yoast-schema-graph\">{\"@context\":\"https:\/\/schema.org\",\"@graph\":[{\"@type\":\"WebPage\",\"@id\":\"https:\/\/hostallabarretina.com\/ca\/hostal-a-figueres\/\",\"url\":\"https:\/\/hostallabarretina.com\/ca\/hostal-a-figueres\/\",\"name\":\"L'Hostal - Hostal la Barretina Figueres\",\"isPartOf\":{\"@id\":\"https:\/\/hostallabarretina.com\/#website\"},\"primaryImageOfPage\":{\"@id\":\"https:\/\/hostallabarretina.com\/ca\/hostal-a-figueres\/#primaryimage\"},\"image\":{\"@id\":\"https:\/\/hostallabarretina.com\/ca\/hostal-a-figueres\/#primaryimage\"},\"thumbnailUrl\":\"https:\/\/hostallabarretina.com\/wp-content\/uploads\/2025\/08\/box-1.jpg\",\"datePublished\":\"2025-08-21T10:47:13+00:00\",\"dateModified\":\"2025-09-10T14:44:37+00:00\",\"description\":\"Si busques un hostal a Figueres acollidor, c\u00e8ntric i amb un tracte proper, a La Barretina trobar\u00e0s el lloc perfecte per a la teva estada.\",\"breadcrumb\":{\"@id\":\"https:\/\/hostallabarretina.com\/ca\/hostal-a-figueres\/#breadcrumb\"},\"inLanguage\":\"ca\",\"potentialAction\":[{\"@type\":\"ReadAction\",\"target\":[\"https:\/\/hostallabarretina.com\/ca\/hostal-a-figueres\/\"]}]},{\"@type\":\"ImageObject\",\"inLanguage\":\"ca\",\"@id\":\"https:\/\/hostallabarretina.com\/ca\/hostal-a-figueres\/#primaryimage\",\"url\":\"https:\/\/hostallabarretina.com\/wp-content\/uploads\/2025\/08\/box-1.jpg\",\"contentUrl\":\"https:\/\/hostallabarretina.com\/wp-content\/uploads\/2025\/08\/box-1.jpg\"},{\"@type\":\"BreadcrumbList\",\"@id\":\"https:\/\/hostallabarretina.com\/ca\/hostal-a-figueres\/#breadcrumb\",\"itemListElement\":[{\"@type\":\"ListItem\",\"position\":1,\"name\":\"Portada\",\"item\":\"https:\/\/hostallabarretina.com\/\"},{\"@type\":\"ListItem\",\"position\":2,\"name\":\"L&#8217;Hostal\"}]},{\"@type\":\"WebSite\",\"@id\":\"https:\/\/hostallabarretina.com\/#website\",\"url\":\"https:\/\/hostallabarretina.com\/\",\"name\":\"Hostal la Barretina Figueres\",\"description\":\"Hostal Restaurante La Barretina en Figueres, habitaciones acogedoras y cocina catalana tradicional.\",\"publisher\":{\"@id\":\"https:\/\/hostallabarretina.com\/#organization\"},\"potentialAction\":[{\"@type\":\"SearchAction\",\"target\":{\"@type\":\"EntryPoint\",\"urlTemplate\":\"https:\/\/hostallabarretina.com\/?s={search_term_string}\"},\"query-input\":{\"@type\":\"PropertyValueSpecification\",\"valueRequired\":true,\"valueName\":\"search_term_string\"}}],\"inLanguage\":\"ca\"},{\"@type\":\"Organization\",\"@id\":\"https:\/\/hostallabarretina.com\/#organization\",\"name\":\"Hostal la Barretina Figueres\",\"url\":\"https:\/\/hostallabarretina.com\/\",\"logo\":{\"@type\":\"ImageObject\",\"inLanguage\":\"ca\",\"@id\":\"https:\/\/hostallabarretina.com\/#\/schema\/logo\/image\/\",\"url\":\"https:\/\/hostallabarretina.com\/wp-content\/uploads\/2025\/08\/logo.png\",\"contentUrl\":\"https:\/\/hostallabarretina.com\/wp-content\/uploads\/2025\/08\/logo.png\",\"width\":219,\"height\":89,\"caption\":\"Hostal la Barretina Figueres\"},\"image\":{\"@id\":\"https:\/\/hostallabarretina.com\/#\/schema\/logo\/image\/\"}}]}<\/script>\n<!-- \/ Yoast SEO plugin. -->","yoast_head_json":{"title":"L'Hostal - Hostal la Barretina Figueres","description":"Si busques un hostal a Figueres acollidor, c\u00e8ntric i amb un tracte proper, a La Barretina trobar\u00e0s el lloc perfecte per a la teva estada.","robots":{"index":"index","follow":"follow","max-snippet":"max-snippet:-1","max-image-preview":"max-image-preview:large","max-video-preview":"max-video-preview:-1"},"canonical":"https:\/\/hostallabarretina.com\/ca\/hostal-a-figueres\/","og_locale":"ca_ES","og_type":"article","og_title":"L'Hostal - Hostal la Barretina Figueres","og_description":"Si busques un hostal a Figueres acollidor, c\u00e8ntric i amb un tracte proper, a La Barretina trobar\u00e0s el lloc perfecte per a la teva estada.","og_url":"https:\/\/hostallabarretina.com\/ca\/hostal-a-figueres\/","og_site_name":"Hostal la Barretina Figueres","article_modified_time":"2025-09-10T14:44:37+00:00","og_image":[{"width":800,"height":1000,"url":"https:\/\/hostallabarretina.com\/wp-content\/uploads\/2025\/08\/box-1.jpg","type":"image\/jpeg"}],"twitter_card":"summary_large_image","twitter_misc":{"Temps estimat de lectura":"2 minuts"},"schema":{"@context":"https:\/\/schema.org","@graph":[{"@type":"WebPage","@id":"https:\/\/hostallabarretina.com\/ca\/hostal-a-figueres\/","url":"https:\/\/hostallabarretina.com\/ca\/hostal-a-figueres\/","name":"L'Hostal - Hostal la Barretina Figueres","isPartOf":{"@id":"https:\/\/hostallabarretina.com\/#website"},"primaryImageOfPage":{"@id":"https:\/\/hostallabarretina.com\/ca\/hostal-a-figueres\/#primaryimage"},"image":{"@id":"https:\/\/hostallabarretina.com\/ca\/hostal-a-figueres\/#primaryimage"},"thumbnailUrl":"https:\/\/hostallabarretina.com\/wp-content\/uploads\/2025\/08\/box-1.jpg","datePublished":"2025-08-21T10:47:13+00:00","dateModified":"2025-09-10T14:44:37+00:00","description":"Si busques un hostal a Figueres acollidor, c\u00e8ntric i amb un tracte proper, a La Barretina trobar\u00e0s el lloc perfecte per a la teva estada.","breadcrumb":{"@id":"https:\/\/hostallabarretina.com\/ca\/hostal-a-figueres\/#breadcrumb"},"inLanguage":"ca","potentialAction":[{"@type":"ReadAction","target":["https:\/\/hostallabarretina.com\/ca\/hostal-a-figueres\/"]}]},{"@type":"ImageObject","inLanguage":"ca","@id":"https:\/\/hostallabarretina.com\/ca\/hostal-a-figueres\/#primaryimage","url":"https:\/\/hostallabarretina.com\/wp-content\/uploads\/2025\/08\/box-1.jpg","contentUrl":"https:\/\/hostallabarretina.com\/wp-content\/uploads\/2025\/08\/box-1.jpg"},{"@type":"BreadcrumbList","@id":"https:\/\/hostallabarretina.com\/ca\/hostal-a-figueres\/#breadcrumb","itemListElement":[{"@type":"ListItem","position":1,"name":"Portada","item":"https:\/\/hostallabarretina.com\/"},{"@type":"ListItem","position":2,"name":"L&#8217;Hostal"}]},{"@type":"WebSite","@id":"https:\/\/hostallabarretina.com\/#website","url":"https:\/\/hostallabarretina.com\/","name":"Hostal la Barretina Figueres","description":"Hostal Restaurante La Barretina en Figueres, habitaciones acogedoras y cocina catalana tradicional.","publisher":{"@id":"https:\/\/hostallabarretina.com\/#organization"},"potentialAction":[{"@type":"SearchAction","target":{"@type":"EntryPoint","urlTemplate":"https:\/\/hostallabarretina.com\/?s={search_term_string}"},"query-input":{"@type":"PropertyValueSpecification","valueRequired":true,"valueName":"search_term_string"}}],"inLanguage":"ca"},{"@type":"Organization","@id":"https:\/\/hostallabarretina.com\/#organization","name":"Hostal la Barretina Figueres","url":"https:\/\/hostallabarretina.com\/","logo":{"@type":"ImageObject","inLanguage":"ca","@id":"https:\/\/hostallabarretina.com\/#\/schema\/logo\/image\/","url":"https:\/\/hostallabarretina.com\/wp-content\/uploads\/2025\/08\/logo.png","contentUrl":"https:\/\/hostallabarretina.com\/wp-content\/uploads\/2025\/08\/logo.png","width":219,"height":89,"caption":"Hostal la Barretina Figueres"},"image":{"@id":"https:\/\/hostallabarretina.com\/#\/schema\/logo\/image\/"}}]}},"_links":{"self":[{"href":"https:\/\/hostallabarretina.com\/ca\/wp-json\/wp\/v2\/pages\/698","targetHints":{"allow":["GET"]}}],"collection":[{"href":"https:\/\/hostallabarretina.com\/ca\/wp-json\/wp\/v2\/pages"}],"about":[{"href":"https:\/\/hostallabarretina.com\/ca\/wp-json\/wp\/v2\/types\/page"}],"author":[{"embeddable":true,"href":"https:\/\/hostallabarretina.com\/ca\/wp-json\/wp\/v2\/users\/1"}],"replies":[{"embeddable":true,"href":"https:\/\/hostallabarretina.com\/ca\/wp-json\/wp\/v2\/comments?post=698"}],"version-history":[{"count":2,"href":"https:\/\/hostallabarretina.com\/ca\/wp-json\/wp\/v2\/pages\/698\/revisions"}],"predecessor-version":[{"id":709,"href":"https:\/\/hostallabarretina.com\/ca\/wp-json\/wp\/v2\/pages\/698\/revisions\/709"}],"wp:attachment":[{"href":"https:\/\/hostallabarretina.com\/ca\/wp-json\/wp\/v2\/media?parent=698"}],"curies":[{"name":"wp","href":"https:\/\/api.w.org\/{rel}","templated":true}]}}