{"id":696,"date":"2025-08-21T12:47:32","date_gmt":"2025-08-21T10:47:32","guid":{"rendered":"https:\/\/hostallabarretina.com\/qui-som\/"},"modified":"2026-01-08T16:11:14","modified_gmt":"2026-01-08T15:11:14","slug":"qui-som","status":"publish","type":"page","link":"https:\/\/hostallabarretina.com\/ca\/qui-som\/","title":{"rendered":"Qui Som"},"content":{"rendered":"\t\t<div data-elementor-type=\"wp-page\" data-elementor-id=\"696\" class=\"elementor elementor-696 elementor-15\">\n\t\t\t\t<div class=\"elementor-element elementor-element-7f46410 e-flex e-con-boxed e-con e-parent\" data-id=\"7f46410\" data-element_type=\"container\" data-e-type=\"container\" data-settings=\"{&quot;background_background&quot;:&quot;classic&quot;}\">\n\t\t\t\t\t<div class=\"e-con-inner\">\n\t\t\t\t<div class=\"elementor-element elementor-element-723f15c elementor-widget elementor-widget-heading\" data-id=\"723f15c\" data-element_type=\"widget\" data-e-type=\"widget\" data-widget_type=\"heading.default\">\n\t\t\t\t\t<h1 class=\"elementor-heading-title elementor-size-default\">Qui Som <em style=\"font-weight: 800\">Hostal La Barretina<\/em>\n<\/h1>\t\t\t\t<\/div>\n\t\t\t\t<div class=\"elementor-element elementor-element-f818875 elementor-widget elementor-widget-text-editor\" data-id=\"f818875\" data-element_type=\"widget\" data-e-type=\"widget\" data-widget_type=\"text-editor.default\">\n\t\t\t\t\t\t\t\t\t<p>Al cor de Figueres, Girona (Alt Empord\u00e0), a nom\u00e9s 200 metres del Museu Dal\u00ed, es troba l&#8217;<strong>Hostal Restaurant La Barretina<\/strong>, un allotjament familiar amb m\u00e9s de tres d\u00e8cades d&#8217;hist\u00f2ria. El nostre nom, inspirat en la tradicional pe\u00e7a catalana, reflecteix l&#8217;ess\u00e8ncia de qui som: un espai aut\u00e8ntic, proper i profundament arrelat en la cultura local.<\/p>\t\t\t\t\t\t\t\t<\/div>\n\t\t\t\t<div class=\"elementor-element elementor-element-e4dfada elementor-widget elementor-widget-eael-breadcrumbs\" data-id=\"e4dfada\" data-element_type=\"widget\" data-e-type=\"widget\" data-widget_type=\"eael-breadcrumbs.default\">\n\t\t\t\t<div class=\"elementor-widget-container\">\n\t\t\t\t\t\t\t<div class=\"eael-breadcrumbs\">\n\t\t\t<div class=\"eael-breadcrumbs__content\"><a href=\"https:\/\/hostallabarretina.com\/ca\/\">Inicio<\/a> <span class=\"eael-breadcrumb-separator\">\/<\/span> <span class = \"eael-current\">P\u00e0gina<\/span><\/div>\t\t<\/div>\n\t\t\t\t\t\t<\/div>\n\t\t\t\t<\/div>\n\t\t\t\t\t<\/div>\n\t\t\t\t<\/div>\n\t\t<div class=\"elementor-element elementor-element-907104f e-flex e-con-boxed e-con e-parent\" data-id=\"907104f\" data-element_type=\"container\" data-e-type=\"container\">\n\t\t\t\t\t<div class=\"e-con-inner\">\n\t\t<div class=\"elementor-element elementor-element-c27aaaf e-con-full e-flex e-con e-child\" data-id=\"c27aaaf\" data-element_type=\"container\" data-e-type=\"container\">\n\t\t\t\t<div class=\"elementor-element elementor-element-5ad705b elementor-widget elementor-widget-image\" data-id=\"5ad705b\" data-element_type=\"widget\" data-e-type=\"widget\" data-widget_type=\"image.default\">\n\t\t\t\t\t\t\t\t\t\t\t\t\t\t\t<img fetchpriority=\"high\" decoding=\"async\" width=\"508\" height=\"749\" src=\"https:\/\/hostallabarretina.com\/wp-content\/uploads\/2025\/09\/DSC00024_1_1.jpg\" class=\"attachment-large size-large wp-image-512\" alt=\"Hostal Restaurant La Barretina\" \/>\t\t\t\t\t\t\t\t\t\t\t\t\t\t\t<\/div>\n\t\t\t\t<\/div>\n\t\t<div class=\"elementor-element elementor-element-3766e1b e-con-full e-flex e-con e-child\" data-id=\"3766e1b\" data-element_type=\"container\" data-e-type=\"container\">\n\t\t\t\t<div class=\"elementor-element elementor-element-e3f6802 elementor-widget elementor-widget-heading\" data-id=\"e3f6802\" data-element_type=\"widget\" data-e-type=\"widget\" data-widget_type=\"heading.default\">\n\t\t\t\t\t<h2 class=\"elementor-heading-title elementor-size-default\">La Barretina, una hist\u00f2ria amb arrels familiars<\/h2>\t\t\t\t<\/div>\n\t\t\t\t<div class=\"elementor-element elementor-element-0b63b1b elementor-widget elementor-widget-text-editor\" data-id=\"0b63b1b\" data-element_type=\"widget\" data-e-type=\"widget\" data-widget_type=\"text-editor.default\">\n\t\t\t\t\t\t\t\t\t<p>El projecte d&#8217;Hostal La Barretina va n\u00e9ixer el 1993 de la m\u00e0 d&#8217;en Llu\u00eds i la M. Ant\u00f2nia, que amb esfor\u00e7, il\u00b7lusi\u00f3 i molta estima van aixecar el que primer va ser un bar i, poc despr\u00e9s, es va convertir en hostal.<\/p><p>Sobre els fonaments d&#8217;una antiga pensi\u00f3, l&#8217;establiment va anar creixent i adaptant-se a les necessitats dels viatgers fins a convertir-se en el que \u00e9s avui: un hostal de refer\u00e8ncia a Figueres, gestionat amb dedicaci\u00f3 juntament amb la seva filla Yolanda.<\/p><p>L&#8217;evoluci\u00f3 de La Barretina \u00e9s tamb\u00e9 la hist\u00f2ria d&#8217;una fam\u00edlia que, generaci\u00f3 rere generaci\u00f3, ha sabut mantenir un tracte proper i hospitalari, on cada hoste se sent com a casa des del primer moment.<\/p>\t\t\t\t\t\t\t\t<\/div>\n\t\t\t\t<div class=\"elementor-element elementor-element-ed4d569 elementor-mobile-align-center elementor-widget elementor-widget-button\" data-id=\"ed4d569\" data-element_type=\"widget\" data-e-type=\"widget\" data-widget_type=\"button.default\">\n\t\t\t\t\t\t\t\t\t\t<a class=\"elementor-button elementor-button-link elementor-size-sm\" href=\"https:\/\/hostallabarretina.com\/ca\/contacte\/\">\n\t\t\t\t\t\t<span class=\"elementor-button-content-wrapper\">\n\t\t\t\t\t\t\t\t\t<span class=\"elementor-button-text\">Som a Figueres, Girona<\/span>\n\t\t\t\t\t<\/span>\n\t\t\t\t\t<\/a>\n\t\t\t\t\t\t\t\t<\/div>\n\t\t\t\t<\/div>\n\t\t\t\t\t<\/div>\n\t\t\t\t<\/div>\n\t\t<div class=\"elementor-element elementor-element-13a4dcf e-flex e-con-boxed e-con e-parent\" data-id=\"13a4dcf\" data-element_type=\"container\" data-e-type=\"container\">\n\t\t\t\t\t<div class=\"e-con-inner\">\n\t\t<div class=\"elementor-element elementor-element-74e5a47 e-con-full e-flex e-con e-child\" data-id=\"74e5a47\" data-element_type=\"container\" data-e-type=\"container\">\n\t\t\t\t<div class=\"elementor-element elementor-element-2c8c3e9 elementor-widget elementor-widget-heading\" data-id=\"2c8c3e9\" data-element_type=\"widget\" data-e-type=\"widget\" data-widget_type=\"heading.default\">\n\t\t\t\t\t<h2 class=\"elementor-heading-title elementor-size-default\">Un hostal acollidor al centre de Figueres<\/h2>\t\t\t\t<\/div>\n\t\t\t\t<div class=\"elementor-element elementor-element-eb8db4a elementor-widget elementor-widget-text-editor\" data-id=\"eb8db4a\" data-element_type=\"widget\" data-e-type=\"widget\" data-widget_type=\"text-editor.default\">\n\t\t\t\t\t\t\t\t\t<p>El nostre establiment disposa de <strong>16 habitacions completament reformades<\/strong> i equipades amb bany privat, dutxa, calefacci\u00f3, aire condicionat i connexi\u00f3 Wi-Fi. Tot est\u00e0 pensat per garantir la comoditat i el descans dels nostres hostes, ja sigui en una estada curta o en una visita m\u00e9s prolongada.<\/p><p>La ubicaci\u00f3, al c\u00e8ntric carrer Lasauca, permet descobrir la ciutat a peu: des de l&#8217;imponent Castell de Sant Ferran, fins a l&#8217;esgl\u00e9sia de Sant Pere, sense oblidar, per descomptat, la visita obligada al <a href=\"https:\/\/www.salvador-dali.org\/es\/visita\/teatro-museo-dali\/\" target=\"_blank\" rel=\"noopener\">Teatre-Museu Dal\u00ed<\/a>. A m\u00e9s, Figueres est\u00e0 perfectament connectada amb la Costa Brava i altres <strong>punts d&#8217;inter\u00e8s de l&#8217;Alt Empord\u00e0<\/strong>.<\/p>\t\t\t\t\t\t\t\t<\/div>\n\t\t\t\t<\/div>\n\t\t<div class=\"elementor-element elementor-element-e0b9953 e-con-full e-flex e-con e-child\" data-id=\"e0b9953\" data-element_type=\"container\" data-e-type=\"container\">\n\t\t\t\t<div class=\"elementor-element elementor-element-60218ec elementor-widget elementor-widget-image\" data-id=\"60218ec\" data-element_type=\"widget\" data-e-type=\"widget\" data-widget_type=\"image.default\">\n\t\t\t\t\t\t\t\t\t\t\t\t\t\t\t<img decoding=\"async\" width=\"1000\" height=\"850\" src=\"https:\/\/hostallabarretina.com\/wp-content\/uploads\/2025\/09\/barretina-7.jpg\" class=\"attachment-large size-large wp-image-527\" alt=\"Un hostal acogedor en el centro de Figueres\" srcset=\"https:\/\/hostallabarretina.com\/wp-content\/uploads\/2025\/09\/barretina-7.jpg 1000w, https:\/\/hostallabarretina.com\/wp-content\/uploads\/2025\/09\/barretina-7-768x653.jpg 768w\" sizes=\"(max-width: 1000px) 100vw, 1000px\" \/>\t\t\t\t\t\t\t\t\t\t\t\t\t\t\t<\/div>\n\t\t\t\t<\/div>\n\t\t\t\t\t<\/div>\n\t\t\t\t<\/div>\n\t\t<div class=\"elementor-element elementor-element-104557c e-flex e-con-boxed e-con e-parent\" data-id=\"104557c\" data-element_type=\"container\" data-e-type=\"container\" data-settings=\"{&quot;background_background&quot;:&quot;classic&quot;}\">\n\t\t\t\t\t<div class=\"e-con-inner\">\n\t\t<div class=\"elementor-element elementor-element-ae7fd25 e-con-full e-flex e-con e-child\" data-id=\"ae7fd25\" data-element_type=\"container\" data-e-type=\"container\">\n\t\t\t\t<div class=\"elementor-element elementor-element-2099854 elementor-widget elementor-widget-image\" data-id=\"2099854\" data-element_type=\"widget\" data-e-type=\"widget\" data-widget_type=\"image.default\">\n\t\t\t\t\t\t\t\t\t\t\t\t\t\t\t<img decoding=\"async\" width=\"1000\" height=\"727\" src=\"https:\/\/hostallabarretina.com\/wp-content\/uploads\/2025\/08\/barretina-2.jpg\" class=\"attachment-large size-large wp-image-192\" alt=\"HOSTAL A FIGUERES Descobreix les habitacions a La Barretina\" srcset=\"https:\/\/hostallabarretina.com\/wp-content\/uploads\/2025\/08\/barretina-2.jpg 1000w, https:\/\/hostallabarretina.com\/wp-content\/uploads\/2025\/08\/barretina-2-768x558.jpg 768w\" sizes=\"(max-width: 1000px) 100vw, 1000px\" \/>\t\t\t\t\t\t\t\t\t\t\t\t\t\t\t<\/div>\n\t\t\t\t<\/div>\n\t\t<div class=\"elementor-element elementor-element-607cccf e-con-full e-flex e-con e-child\" data-id=\"607cccf\" data-element_type=\"container\" data-e-type=\"container\">\n\t\t\t\t<div class=\"elementor-element elementor-element-9c7ab6a elementor-widget elementor-widget-heading\" data-id=\"9c7ab6a\" data-element_type=\"widget\" data-e-type=\"widget\" data-widget_type=\"heading.default\">\n\t\t\t\t\t<h3 class=\"elementor-heading-title elementor-size-default\">La nostra filosofia<\/h3>\t\t\t\t<\/div>\n\t\t\t\t<div class=\"elementor-element elementor-element-d4f4da1 elementor-widget elementor-widget-text-editor\" data-id=\"d4f4da1\" data-element_type=\"widget\" data-e-type=\"widget\" data-widget_type=\"text-editor.default\">\n\t\t\t\t\t\t\t\t\t<p>A l&#8217;<strong>Hostal La Barretina<\/strong> creiem que l&#8217;hospitalitat es construeix en els petits detalls: un somriure en arribar, una habitaci\u00f3 impecable i un ambient tranquil i familiar. El nostre objectiu no \u00e9s nom\u00e9s oferir un lloc on dormir, sin\u00f3 crear una experi\u00e8ncia d&#8217;allotjament que deixi empremta en cada viatger.<\/p><p><strong>Un hostal a Figueres amb tradici\u00f3 i futur<\/strong><\/p><p>Despr\u00e9s de m\u00e9s de 30 anys, seguim fidels a la mateixa idea amb qu\u00e8 vam comen\u00e7ar: ser un hostal senzill, acollidor i familiar, on el viatger trobi descans, bona ubicaci\u00f3 i un tracte hum\u00e0 proper. Aquesta \u00e9s la veritable ess\u00e8ncia de La Barretina.<\/p>\t\t\t\t\t\t\t\t<\/div>\n\t\t\t\t<\/div>\n\t\t\t\t\t<\/div>\n\t\t\t\t<\/div>\n\t\t\t\t<\/div>\n\t\t","protected":false},"excerpt":{"rendered":"<p>Qui Som Hostal La Barretina Al cor de Figueres, Girona (Alt Empord\u00e0), a nom\u00e9s 200 metres del Museu Dal\u00ed, es [&hellip;]<\/p>\n","protected":false},"author":1,"featured_media":0,"parent":0,"menu_order":0,"comment_status":"closed","ping_status":"closed","template":"","meta":{"site-sidebar-layout":"no-sidebar","site-content-layout":"","ast-site-content-layout":"full-width-container","site-content-style":"default","site-sidebar-style":"default","ast-global-header-display":"","ast-banner-title-visibility":"","ast-main-header-display":"","ast-hfb-above-header-display":"","ast-hfb-below-header-display":"","ast-hfb-mobile-header-display":"","site-post-title":"disabled","ast-breadcrumbs-content":"","ast-featured-img":"disabled","footer-sml-layout":"","ast-disable-related-posts":"","theme-transparent-header-meta":"default","adv-header-id-meta":"","stick-header-meta":"default","header-above-stick-meta":"","header-main-stick-meta":"","header-below-stick-meta":"","astra-migrate-meta-layouts":"default","ast-page-background-enabled":"default","ast-page-background-meta":{"desktop":{"background-color":"var(--ast-global-color-5)","background-image":"","background-repeat":"repeat","background-position":"center center","background-size":"auto","background-attachment":"scroll","background-type":"","background-media":"","overlay-type":"","overlay-color":"","overlay-opacity":"","overlay-gradient":""},"tablet":{"background-color":"","background-image":"","background-repeat":"repeat","background-position":"center center","background-size":"auto","background-attachment":"scroll","background-type":"","background-media":"","overlay-type":"","overlay-color":"","overlay-opacity":"","overlay-gradient":""},"mobile":{"background-color":"","background-image":"","background-repeat":"repeat","background-position":"center center","background-size":"auto","background-attachment":"scroll","background-type":"","background-media":"","overlay-type":"","overlay-color":"","overlay-opacity":"","overlay-gradient":""}},"ast-content-background-meta":{"desktop":{"background-color":"var(--ast-global-color-4)","background-image":"","background-repeat":"repeat","background-position":"center center","background-size":"auto","background-attachment":"scroll","background-type":"","background-media":"","overlay-type":"","overlay-color":"","overlay-opacity":"","overlay-gradient":""},"tablet":{"background-color":"var(--ast-global-color-4)","background-image":"","background-repeat":"repeat","background-position":"center center","background-size":"auto","background-attachment":"scroll","background-type":"","background-media":"","overlay-type":"","overlay-color":"","overlay-opacity":"","overlay-gradient":""},"mobile":{"background-color":"var(--ast-global-color-4)","background-image":"","background-repeat":"repeat","background-position":"center center","background-size":"auto","background-attachment":"scroll","background-type":"","background-media":"","overlay-type":"","overlay-color":"","overlay-opacity":"","overlay-gradient":""}},"footnotes":""},"class_list":["post-696","page","type-page","status-publish","hentry"],"yoast_head":"<!-- This site is optimized with the Yoast SEO plugin v27.0 - https:\/\/yoast.com\/product\/yoast-seo-wordpress\/ -->\n<title>Qui Som - Hostal la Barretina Figueres<\/title>\n<meta name=\"description\" content=\"L&#039;Hostal Restaurant La Barretina, un allotjament familiar amb m\u00e9s de tres d\u00e8cades d&#039;hist\u00f2ria a Figueres, Girona.\" \/>\n<meta name=\"robots\" content=\"index, follow, max-snippet:-1, max-image-preview:large, max-video-preview:-1\" \/>\n<link rel=\"canonical\" href=\"https:\/\/hostallabarretina.com\/quienes-somos\/\" \/>\n<meta property=\"og:locale\" content=\"ca_ES\" \/>\n<meta property=\"og:type\" content=\"article\" \/>\n<meta property=\"og:title\" content=\"Qui Som - Hostal la Barretina Figueres\" \/>\n<meta property=\"og:description\" content=\"L&#039;Hostal Restaurant La Barretina, un allotjament familiar amb m\u00e9s de tres d\u00e8cades d&#039;hist\u00f2ria a Figueres, Girona.\" \/>\n<meta property=\"og:url\" content=\"https:\/\/hostallabarretina.com\/quienes-somos\/\" \/>\n<meta property=\"og:site_name\" content=\"Hostal la Barretina Figueres\" \/>\n<meta property=\"article:modified_time\" content=\"2026-01-08T15:11:14+00:00\" \/>\n<meta property=\"og:image\" content=\"https:\/\/hostallabarretina.com\/wp-content\/uploads\/2025\/09\/DSC00024_1_1.jpg\" \/>\n\t<meta property=\"og:image:width\" content=\"508\" \/>\n\t<meta property=\"og:image:height\" content=\"749\" \/>\n\t<meta property=\"og:image:type\" content=\"image\/jpeg\" \/>\n<meta name=\"twitter:card\" content=\"summary_large_image\" \/>\n<meta name=\"twitter:label1\" content=\"Temps estimat de lectura\" \/>\n\t<meta name=\"twitter:data1\" content=\"2 minuts\" \/>\n<script type=\"application\/ld+json\" class=\"yoast-schema-graph\">{\"@context\":\"https:\/\/schema.org\",\"@graph\":[{\"@type\":\"WebPage\",\"@id\":\"https:\/\/hostallabarretina.com\/quienes-somos\/\",\"url\":\"https:\/\/hostallabarretina.com\/quienes-somos\/\",\"name\":\"Qui Som - Hostal la Barretina Figueres\",\"isPartOf\":{\"@id\":\"https:\/\/hostallabarretina.com\/#website\"},\"primaryImageOfPage\":{\"@id\":\"https:\/\/hostallabarretina.com\/quienes-somos\/#primaryimage\"},\"image\":{\"@id\":\"https:\/\/hostallabarretina.com\/quienes-somos\/#primaryimage\"},\"thumbnailUrl\":\"https:\/\/hostallabarretina.com\/wp-content\/uploads\/2025\/09\/DSC00024_1_1.jpg\",\"datePublished\":\"2025-08-21T10:47:32+00:00\",\"dateModified\":\"2026-01-08T15:11:14+00:00\",\"description\":\"L'Hostal Restaurant La Barretina, un allotjament familiar amb m\u00e9s de tres d\u00e8cades d'hist\u00f2ria a Figueres, Girona.\",\"breadcrumb\":{\"@id\":\"https:\/\/hostallabarretina.com\/quienes-somos\/#breadcrumb\"},\"inLanguage\":\"ca\",\"potentialAction\":[{\"@type\":\"ReadAction\",\"target\":[\"https:\/\/hostallabarretina.com\/quienes-somos\/\"]}]},{\"@type\":\"ImageObject\",\"inLanguage\":\"ca\",\"@id\":\"https:\/\/hostallabarretina.com\/quienes-somos\/#primaryimage\",\"url\":\"https:\/\/hostallabarretina.com\/wp-content\/uploads\/2025\/09\/DSC00024_1_1.jpg\",\"contentUrl\":\"https:\/\/hostallabarretina.com\/wp-content\/uploads\/2025\/09\/DSC00024_1_1.jpg\"},{\"@type\":\"BreadcrumbList\",\"@id\":\"https:\/\/hostallabarretina.com\/quienes-somos\/#breadcrumb\",\"itemListElement\":[{\"@type\":\"ListItem\",\"position\":1,\"name\":\"Portada\",\"item\":\"https:\/\/hostallabarretina.com\/\"},{\"@type\":\"ListItem\",\"position\":2,\"name\":\"Qui Som\"}]},{\"@type\":\"WebSite\",\"@id\":\"https:\/\/hostallabarretina.com\/#website\",\"url\":\"https:\/\/hostallabarretina.com\/\",\"name\":\"Hostal la Barretina Figueres\",\"description\":\"Hostal Restaurante La Barretina en Figueres, habitaciones acogedoras y cocina catalana tradicional.\",\"publisher\":{\"@id\":\"https:\/\/hostallabarretina.com\/#organization\"},\"potentialAction\":[{\"@type\":\"SearchAction\",\"target\":{\"@type\":\"EntryPoint\",\"urlTemplate\":\"https:\/\/hostallabarretina.com\/?s={search_term_string}\"},\"query-input\":{\"@type\":\"PropertyValueSpecification\",\"valueRequired\":true,\"valueName\":\"search_term_string\"}}],\"inLanguage\":\"ca\"},{\"@type\":\"Organization\",\"@id\":\"https:\/\/hostallabarretina.com\/#organization\",\"name\":\"Hostal la Barretina Figueres\",\"url\":\"https:\/\/hostallabarretina.com\/\",\"logo\":{\"@type\":\"ImageObject\",\"inLanguage\":\"ca\",\"@id\":\"https:\/\/hostallabarretina.com\/#\/schema\/logo\/image\/\",\"url\":\"https:\/\/hostallabarretina.com\/wp-content\/uploads\/2025\/08\/logo.png\",\"contentUrl\":\"https:\/\/hostallabarretina.com\/wp-content\/uploads\/2025\/08\/logo.png\",\"width\":219,\"height\":89,\"caption\":\"Hostal la Barretina Figueres\"},\"image\":{\"@id\":\"https:\/\/hostallabarretina.com\/#\/schema\/logo\/image\/\"}}]}<\/script>\n<!-- \/ Yoast SEO plugin. -->","yoast_head_json":{"title":"Qui Som - Hostal la Barretina Figueres","description":"L'Hostal Restaurant La Barretina, un allotjament familiar amb m\u00e9s de tres d\u00e8cades d'hist\u00f2ria a Figueres, Girona.","robots":{"index":"index","follow":"follow","max-snippet":"max-snippet:-1","max-image-preview":"max-image-preview:large","max-video-preview":"max-video-preview:-1"},"canonical":"https:\/\/hostallabarretina.com\/quienes-somos\/","og_locale":"ca_ES","og_type":"article","og_title":"Qui Som - Hostal la Barretina Figueres","og_description":"L'Hostal Restaurant La Barretina, un allotjament familiar amb m\u00e9s de tres d\u00e8cades d'hist\u00f2ria a Figueres, Girona.","og_url":"https:\/\/hostallabarretina.com\/quienes-somos\/","og_site_name":"Hostal la Barretina Figueres","article_modified_time":"2026-01-08T15:11:14+00:00","og_image":[{"width":508,"height":749,"url":"https:\/\/hostallabarretina.com\/wp-content\/uploads\/2025\/09\/DSC00024_1_1.jpg","type":"image\/jpeg"}],"twitter_card":"summary_large_image","twitter_misc":{"Temps estimat de lectura":"2 minuts"},"schema":{"@context":"https:\/\/schema.org","@graph":[{"@type":"WebPage","@id":"https:\/\/hostallabarretina.com\/quienes-somos\/","url":"https:\/\/hostallabarretina.com\/quienes-somos\/","name":"Qui Som - Hostal la Barretina Figueres","isPartOf":{"@id":"https:\/\/hostallabarretina.com\/#website"},"primaryImageOfPage":{"@id":"https:\/\/hostallabarretina.com\/quienes-somos\/#primaryimage"},"image":{"@id":"https:\/\/hostallabarretina.com\/quienes-somos\/#primaryimage"},"thumbnailUrl":"https:\/\/hostallabarretina.com\/wp-content\/uploads\/2025\/09\/DSC00024_1_1.jpg","datePublished":"2025-08-21T10:47:32+00:00","dateModified":"2026-01-08T15:11:14+00:00","description":"L'Hostal Restaurant La Barretina, un allotjament familiar amb m\u00e9s de tres d\u00e8cades d'hist\u00f2ria a Figueres, Girona.","breadcrumb":{"@id":"https:\/\/hostallabarretina.com\/quienes-somos\/#breadcrumb"},"inLanguage":"ca","potentialAction":[{"@type":"ReadAction","target":["https:\/\/hostallabarretina.com\/quienes-somos\/"]}]},{"@type":"ImageObject","inLanguage":"ca","@id":"https:\/\/hostallabarretina.com\/quienes-somos\/#primaryimage","url":"https:\/\/hostallabarretina.com\/wp-content\/uploads\/2025\/09\/DSC00024_1_1.jpg","contentUrl":"https:\/\/hostallabarretina.com\/wp-content\/uploads\/2025\/09\/DSC00024_1_1.jpg"},{"@type":"BreadcrumbList","@id":"https:\/\/hostallabarretina.com\/quienes-somos\/#breadcrumb","itemListElement":[{"@type":"ListItem","position":1,"name":"Portada","item":"https:\/\/hostallabarretina.com\/"},{"@type":"ListItem","position":2,"name":"Qui Som"}]},{"@type":"WebSite","@id":"https:\/\/hostallabarretina.com\/#website","url":"https:\/\/hostallabarretina.com\/","name":"Hostal la Barretina Figueres","description":"Hostal Restaurante La Barretina en Figueres, habitaciones acogedoras y cocina catalana tradicional.","publisher":{"@id":"https:\/\/hostallabarretina.com\/#organization"},"potentialAction":[{"@type":"SearchAction","target":{"@type":"EntryPoint","urlTemplate":"https:\/\/hostallabarretina.com\/?s={search_term_string}"},"query-input":{"@type":"PropertyValueSpecification","valueRequired":true,"valueName":"search_term_string"}}],"inLanguage":"ca"},{"@type":"Organization","@id":"https:\/\/hostallabarretina.com\/#organization","name":"Hostal la Barretina Figueres","url":"https:\/\/hostallabarretina.com\/","logo":{"@type":"ImageObject","inLanguage":"ca","@id":"https:\/\/hostallabarretina.com\/#\/schema\/logo\/image\/","url":"https:\/\/hostallabarretina.com\/wp-content\/uploads\/2025\/08\/logo.png","contentUrl":"https:\/\/hostallabarretina.com\/wp-content\/uploads\/2025\/08\/logo.png","width":219,"height":89,"caption":"Hostal la Barretina Figueres"},"image":{"@id":"https:\/\/hostallabarretina.com\/#\/schema\/logo\/image\/"}}]}},"_links":{"self":[{"href":"https:\/\/hostallabarretina.com\/ca\/wp-json\/wp\/v2\/pages\/696","targetHints":{"allow":["GET"]}}],"collection":[{"href":"https:\/\/hostallabarretina.com\/ca\/wp-json\/wp\/v2\/pages"}],"about":[{"href":"https:\/\/hostallabarretina.com\/ca\/wp-json\/wp\/v2\/types\/page"}],"author":[{"embeddable":true,"href":"https:\/\/hostallabarretina.com\/ca\/wp-json\/wp\/v2\/users\/1"}],"replies":[{"embeddable":true,"href":"https:\/\/hostallabarretina.com\/ca\/wp-json\/wp\/v2\/comments?post=696"}],"version-history":[{"count":4,"href":"https:\/\/hostallabarretina.com\/ca\/wp-json\/wp\/v2\/pages\/696\/revisions"}],"predecessor-version":[{"id":770,"href":"https:\/\/hostallabarretina.com\/ca\/wp-json\/wp\/v2\/pages\/696\/revisions\/770"}],"wp:attachment":[{"href":"https:\/\/hostallabarretina.com\/ca\/wp-json\/wp\/v2\/media?parent=696"}],"curies":[{"name":"wp","href":"https:\/\/api.w.org\/{rel}","templated":true}]}}